{"id":247,"date":"2024-07-18T10:16:53","date_gmt":"2024-07-18T13:16:53","guid":{"rendered":"https:\/\/aceiteracolibri.com.ar\/?page_id=247"},"modified":"2024-12-13T10:27:51","modified_gmt":"2024-12-13T13:27:51","slug":"expeller-de-soja","status":"publish","type":"page","link":"https:\/\/aceiteracolibri.com.ar\/en\/expeller-de-soja\/","title":{"rendered":"Soybean Expeller"},"content":{"rendered":"<div data-elementor-type=\"wp-page\" data-elementor-id=\"247\" class=\"elementor elementor-247\" data-elementor-post-type=\"page\">\n\t\t\t\t<div class=\"elementor-element elementor-element-8008e33 e-con-full e-flex e-con e-parent\" data-id=\"8008e33\" data-element_type=\"container\" data-settings=\"{&quot;background_background&quot;:&quot;gradient&quot;}\">\n\t\t<div class=\"elementor-element elementor-element-3944bd1 e-con-full e-flex e-con e-child\" data-id=\"3944bd1\" data-element_type=\"container\">\n\t\t<div class=\"elementor-element elementor-element-da837ec e-con-full e-flex e-con e-child\" data-id=\"da837ec\" data-element_type=\"container\">\n\t\t<div class=\"elementor-element elementor-element-e001920 e-con-full e-flex e-con e-child\" data-id=\"e001920\" data-element_type=\"container\">\n\t\t<div class=\"elementor-element elementor-element-ca6371e e-con-full e-flex e-con e-child\" data-id=\"ca6371e\" data-element_type=\"container\" data-settings=\"{&quot;background_background&quot;:&quot;classic&quot;}\">\n\t\t\t\t<div class=\"elementor-element elementor-element-dace41e elementor-widget elementor-widget-heading\" data-id=\"dace41e\" data-element_type=\"widget\" data-widget_type=\"heading.default\">\n\t\t\t\t<div class=\"elementor-widget-container\">\n\t\t\t\t\t<h2 class=\"elementor-heading-title elementor-size-default\">Soybean Expeller<\/h2>\t\t\t\t<\/div>\n\t\t\t\t<\/div>\n\t\t\t\t<div class=\"elementor-element elementor-element-8675df2 elementor-widget elementor-widget-text-editor\" data-id=\"8675df2\" data-element_type=\"widget\" data-widget_type=\"text-editor.default\">\n\t\t\t\t<div class=\"elementor-widget-container\">\n\t\t\t\t\t\t\t\t\t<p>Our product enhances animal nutrition and agriculture. Using a mechanical, solvent-free process, we produce an exceptional soybean expeller\u2014rich in protein, essential amino acids, B-complex vitamins, calcium, phosphorus, and vital minerals.<\/p><p>Ideal for livestock, poultry, and aquaculture feed\u2014supporting strong, healthy animal development.<\/p><p>A complete and responsible solution for those who seek quality, sustainability, and visible results.<\/p>\t\t\t\t\t\t\t\t<\/div>\n\t\t\t\t<\/div>\n\t\t\t\t<div class=\"elementor-element elementor-element-c77f773 elementor-widget elementor-widget-html\" data-id=\"c77f773\" data-element_type=\"widget\" data-widget_type=\"html.default\">\n\t\t\t\t<div class=\"elementor-widget-container\">\n\t\t\t\t\t<style class=\"accordion-closed-on-load\">body:not(.elementor-editor-active) .elementor-widget-accordion .elementor-tab-content {\ndisplay: none!important;\n}<\/style> <script src=\"data:text\/javascript;base64,d2luZG93LmFkZEV2ZW50TGlzdGVuZXIoJ2xvYWQnLGZ1bmN0aW9uKCl7c2V0VGltZW91dChmdW5jdGlvbigpe2RvY3VtZW50LnF1ZXJ5U2VsZWN0b3IoJy5hY2NvcmRpb24tY2xvc2VkLW9uLWxvYWQnKS5yZW1vdmUoKTtsZXQgYWNjb3JkaW9uc0VsZW1zPWRvY3VtZW50LnF1ZXJ5U2VsZWN0b3JBbGwoJy5lbGVtZW50b3Itd2lkZ2V0LWFjY29yZGlvbicpCmFjY29yZGlvbnNFbGVtcy5mb3JFYWNoKGU9PntsZXQgYWN0aXZlVGl0bGU9ZS5xdWVyeVNlbGVjdG9yKCcuZWxlbWVudG9yLXRhYi10aXRsZS5lbGVtZW50b3ItYWN0aXZlJyk7bGV0IGFjdGl2ZUNvbnRlbnQ9ZS5xdWVyeVNlbGVjdG9yKCcuZWxlbWVudG9yLXRhYi1jb250ZW50LmVsZW1lbnRvci1hY3RpdmUnKQpqUXVlcnkoYWN0aXZlQ29udGVudCkuaGlkZSgpO2FjdGl2ZVRpdGxlLmNsYXNzTGlzdC5yZW1vdmUoJ2VsZW1lbnRvci1hY3RpdmUnKTthY3RpdmVDb250ZW50LmNsYXNzTGlzdC5yZW1vdmUoJ2VsZW1lbnRvci1hY3RpdmUnKTthY3RpdmVDb250ZW50LnNldEF0dHJpYnV0ZSgnaGlkZGVuJywnaGlkZGVuJyk7YWN0aXZlVGl0bGUuc2V0QXR0cmlidXRlKCdhcmlhLWV4cGFuZGVkJywhMSk7YWN0aXZlVGl0bGUuc2V0QXR0cmlidXRlKCdhcmlhLXNlbGVjdGVkJywhMSk7YWN0aXZlVGl0bGUuc2V0QXR0cmlidXRlKCd0YWJpbmRleCcsLTEpfSl9LDEwMCl9KQ==\" defer><\/script>\t\t\t\t<\/div>\n\t\t\t\t<\/div>\n\t\t\t\t<\/div>\n\t\t<div class=\"elementor-element elementor-element-d44aad2 e-con-full e-flex e-con e-child\" data-id=\"d44aad2\" data-element_type=\"container\">\n\t\t\t\t<div class=\"elementor-element elementor-element-473188a elementor-widget elementor-widget-image\" data-id=\"473188a\" data-element_type=\"widget\" data-settings=\"{&quot;motion_fx_motion_fx_scrolling&quot;:&quot;yes&quot;,&quot;motion_fx_translateY_effect&quot;:&quot;yes&quot;,&quot;motion_fx_translateY_direction&quot;:&quot;negative&quot;,&quot;motion_fx_devices&quot;:[&quot;desktop&quot;],&quot;motion_fx_translateY_speed&quot;:{&quot;unit&quot;:&quot;px&quot;,&quot;size&quot;:4,&quot;sizes&quot;:[]},&quot;motion_fx_translateY_affectedRange&quot;:{&quot;unit&quot;:&quot;%&quot;,&quot;size&quot;:&quot;&quot;,&quot;sizes&quot;:{&quot;start&quot;:0,&quot;end&quot;:100}}}\" data-widget_type=\"image.default\">\n\t\t\t\t<div class=\"elementor-widget-container\">\n\t\t\t\t\t\t\t\t\t\t\t\t\t\t\t<img fetchpriority=\"high\" decoding=\"async\" width=\"1000\" height=\"1000\" src=\"https:\/\/aceiteracolibri.com.ar\/wp-content\/uploads\/2024\/07\/expeller.webp\" class=\"attachment-large size-large wp-image-253\" alt=\"\" srcset=\"https:\/\/aceiteracolibri.com.ar\/wp-content\/uploads\/2024\/07\/expeller.webp 1000w, https:\/\/aceiteracolibri.com.ar\/wp-content\/uploads\/2024\/07\/expeller-300x300.webp 300w, https:\/\/aceiteracolibri.com.ar\/wp-content\/uploads\/2024\/07\/expeller-150x150.webp 150w, https:\/\/aceiteracolibri.com.ar\/wp-content\/uploads\/2024\/07\/expeller-768x768.webp 768w, https:\/\/aceiteracolibri.com.ar\/wp-content\/uploads\/2024\/07\/expeller-600x600.webp 600w\" sizes=\"(max-width: 1000px) 100vw, 1000px\" \/>\t\t\t\t\t\t\t\t\t\t\t\t\t\t\t<\/div>\n\t\t\t\t<\/div>\n\t\t\t\t<\/div>\n\t\t\t\t<\/div>\n\t\t\t\t<\/div>\n\t\t\t\t<\/div>\n\t\t\t\t<\/div>\n\t\t<div class=\"elementor-element elementor-element-a8ce987 e-con-full e-flex e-con e-parent\" data-id=\"a8ce987\" data-element_type=\"container\" data-settings=\"{&quot;background_background&quot;:&quot;classic&quot;}\">\n\t\t<div class=\"elementor-element elementor-element-4e889a5 e-con-full e-flex e-con e-child\" data-id=\"4e889a5\" data-element_type=\"container\">\n\t\t\t\t<div class=\"elementor-element elementor-element-2fd0e39 elementor-widget elementor-widget-accordion\" data-id=\"2fd0e39\" data-element_type=\"widget\" data-widget_type=\"accordion.default\">\n\t\t\t\t<div class=\"elementor-widget-container\">\n\t\t\t\t\t\t\t<div class=\"elementor-accordion\">\n\t\t\t\t\t\t\t<div class=\"elementor-accordion-item\">\n\t\t\t\t\t<div id=\"elementor-tab-title-5011\" class=\"elementor-tab-title\" data-tab=\"1\" role=\"button\" aria-controls=\"elementor-tab-content-5011\" aria-expanded=\"false\">\n\t\t\t\t\t\t\t\t\t\t\t\t\t<span class=\"elementor-accordion-icon elementor-accordion-icon-left\" aria-hidden=\"true\">\n\t\t\t\t\t\t\t\t\t\t\t\t\t\t\t<span class=\"elementor-accordion-icon-closed\"><svg class=\"e-font-icon-svg e-fas-plus\" viewbox=\"0 0 448 512\" xmlns=\"http:\/\/www.w3.org\/2000\/svg\"><path d=\"M416 208H272V64c0-17.67-14.33-32-32-32h-32c-17.67 0-32 14.33-32 32v144H32c-17.67 0-32 14.33-32 32v32c0 17.67 14.33 32 32 32h144v144c0 17.67 14.33 32 32 32h32c17.67 0 32-14.33 32-32V304h144c17.67 0 32-14.33 32-32v-32c0-17.67-14.33-32-32-32z\"><\/path><\/svg><\/span>\n\t\t\t\t\t\t\t\t<span class=\"elementor-accordion-icon-opened\"><svg class=\"e-font-icon-svg e-fas-minus\" viewbox=\"0 0 448 512\" xmlns=\"http:\/\/www.w3.org\/2000\/svg\"><path d=\"M416 208H32c-17.67 0-32 14.33-32 32v32c0 17.67 14.33 32 32 32h384c17.67 0 32-14.33 32-32v-32c0-17.67-14.33-32-32-32z\"><\/path><\/svg><\/span>\n\t\t\t\t\t\t\t\t\t\t\t\t\t\t<\/span>\n\t\t\t\t\t\t\t\t\t\t\t\t<a class=\"elementor-accordion-title\" tabindex=\"0\">Properties &amp; Benefits<\/a>\n\t\t\t\t\t<\/div>\n\t\t\t\t\t<div id=\"elementor-tab-content-5011\" class=\"elementor-tab-content elementor-clearfix\" data-tab=\"1\" role=\"region\" aria-labelledby=\"elementor-tab-title-5011\"><p><strong>High Protein Content:\u00a0<\/strong><\/p><p>Perfect for animal feed\u2014especially for poultry, ruminants, and fish.<\/p><p><strong>Nutrient Rich:<\/strong><\/p><p>Contains essential amino acids, B vitamins, calcium, phosphorus, and other key minerals.<\/p><p><strong>Sustainable &amp; Natural:<\/strong><\/p><p>Produced without chemical solvents, ensuring a clean, natural product.<\/p><p><span style=\"font-family: Lato, sans-serif; font-size: 20px; font-style: normal; font-variant-ligatures: normal; font-variant-caps: normal;\"><b>Texture &amp; Palatability:<\/b><\/span><\/p><p>Its texture and taste enhance animal intake and feed efficiency. Available as cake or meal depending on customer needs.<\/p><\/div>\n\t\t\t\t<\/div>\n\t\t\t\t\t\t\t<div class=\"elementor-accordion-item\">\n\t\t\t\t\t<div id=\"elementor-tab-title-5012\" class=\"elementor-tab-title\" data-tab=\"2\" role=\"button\" aria-controls=\"elementor-tab-content-5012\" aria-expanded=\"false\">\n\t\t\t\t\t\t\t\t\t\t\t\t\t<span class=\"elementor-accordion-icon elementor-accordion-icon-left\" aria-hidden=\"true\">\n\t\t\t\t\t\t\t\t\t\t\t\t\t\t\t<span class=\"elementor-accordion-icon-closed\"><svg class=\"e-font-icon-svg e-fas-plus\" viewbox=\"0 0 448 512\" xmlns=\"http:\/\/www.w3.org\/2000\/svg\"><path d=\"M416 208H272V64c0-17.67-14.33-32-32-32h-32c-17.67 0-32 14.33-32 32v144H32c-17.67 0-32 14.33-32 32v32c0 17.67 14.33 32 32 32h144v144c0 17.67 14.33 32 32 32h32c17.67 0 32-14.33 32-32V304h144c17.67 0 32-14.33 32-32v-32c0-17.67-14.33-32-32-32z\"><\/path><\/svg><\/span>\n\t\t\t\t\t\t\t\t<span class=\"elementor-accordion-icon-opened\"><svg class=\"e-font-icon-svg e-fas-minus\" viewbox=\"0 0 448 512\" xmlns=\"http:\/\/www.w3.org\/2000\/svg\"><path d=\"M416 208H32c-17.67 0-32 14.33-32 32v32c0 17.67 14.33 32 32 32h384c17.67 0 32-14.33 32-32v-32c0-17.67-14.33-32-32-32z\"><\/path><\/svg><\/span>\n\t\t\t\t\t\t\t\t\t\t\t\t\t\t<\/span>\n\t\t\t\t\t\t\t\t\t\t\t\t<a class=\"elementor-accordion-title\" tabindex=\"0\">Applications<\/a>\n\t\t\t\t\t<\/div>\n\t\t\t\t\t<div id=\"elementor-tab-content-5012\" class=\"elementor-tab-content elementor-clearfix\" data-tab=\"2\" role=\"region\" aria-labelledby=\"elementor-tab-title-5012\"><p class=\"western\"><strong>Animal Feed Industry:<\/strong><\/p><p class=\"western\">A core ingredient in balanced feed formulas for livestock, poultry, and aquaculture.<\/p><p class=\"western\"><strong>Organic Fertilizers:<\/strong><\/p><p class=\"western\">Its nutrient profile makes it suitable for use in organic soil enrichment.<\/p><\/div>\n\t\t\t\t<\/div>\n\t\t\t\t\t\t\t\t<\/div>\n\t\t\t\t\t\t<\/div>\n\t\t\t\t<\/div>\n\t\t\t\t<\/div>\n\t\t\t\t<\/div>\n\t\t\t\t<\/div>","protected":false},"excerpt":{"rendered":"<p>Expeller de Soja Nuestro producto transforma la nutrici\u00f3n animal y la agricultura. A trav\u00e9s de un proceso mec\u00e1nico, sin qu\u00edmicos ni solventes, logramos un expeller de soja excepcional. Una fuente rica en prote\u00ednas, amino\u00e1cidos esenciales, vitaminas del complejo B, calcio, f\u00f3sforo y minerales vitales. Ideal para alimentos balanceados para ganado, aves y acuicultura, brindando un [&hellip;]<\/p>","protected":false},"author":1,"featured_media":0,"parent":0,"menu_order":0,"comment_status":"closed","ping_status":"closed","template":"","meta":{"ocean_post_layout":"full-screen","ocean_both_sidebars_style":"","ocean_both_sidebars_content_width":0,"ocean_both_sidebars_sidebars_width":0,"ocean_sidebar":"0","ocean_second_sidebar":"0","ocean_disable_margins":"on","ocean_add_body_class":"","ocean_shortcode_before_top_bar":"","ocean_shortcode_after_top_bar":"","ocean_shortcode_before_header":"","ocean_shortcode_after_header":"","ocean_has_shortcode":"","ocean_shortcode_after_title":"","ocean_shortcode_before_footer_widgets":"","ocean_shortcode_after_footer_widgets":"","ocean_shortcode_before_footer_bottom":"","ocean_shortcode_after_footer_bottom":"","ocean_display_top_bar":"default","ocean_display_header":"default","ocean_header_style":"","ocean_center_header_left_menu":"0","ocean_custom_header_template":"0","ocean_custom_logo":0,"ocean_custom_retina_logo":0,"ocean_custom_logo_max_width":0,"ocean_custom_logo_tablet_max_width":0,"ocean_custom_logo_mobile_max_width":0,"ocean_custom_logo_max_height":0,"ocean_custom_logo_tablet_max_height":0,"ocean_custom_logo_mobile_max_height":0,"ocean_header_custom_menu":"0","ocean_menu_typo_font_family":"0","ocean_menu_typo_font_subset":"","ocean_menu_typo_font_size":0,"ocean_menu_typo_font_size_tablet":0,"ocean_menu_typo_font_size_mobile":0,"ocean_menu_typo_font_size_unit":"px","ocean_menu_typo_font_weight":"","ocean_menu_typo_font_weight_tablet":"","ocean_menu_typo_font_weight_mobile":"","ocean_menu_typo_transform":"","ocean_menu_typo_transform_tablet":"","ocean_menu_typo_transform_mobile":"","ocean_menu_typo_line_height":0,"ocean_menu_typo_line_height_tablet":0,"ocean_menu_typo_line_height_mobile":0,"ocean_menu_typo_line_height_unit":"","ocean_menu_typo_spacing":0,"ocean_menu_typo_spacing_tablet":0,"ocean_menu_typo_spacing_mobile":0,"ocean_menu_typo_spacing_unit":"","ocean_menu_link_color":"","ocean_menu_link_color_hover":"","ocean_menu_link_color_active":"","ocean_menu_link_background":"","ocean_menu_link_hover_background":"","ocean_menu_link_active_background":"","ocean_menu_social_links_bg":"","ocean_menu_social_hover_links_bg":"","ocean_menu_social_links_color":"","ocean_menu_social_hover_links_color":"","ocean_disable_title":"on","ocean_disable_heading":"default","ocean_post_title":"","ocean_post_subheading":"","ocean_post_title_style":"","ocean_post_title_background_color":"","ocean_post_title_background":0,"ocean_post_title_bg_image_position":"","ocean_post_title_bg_image_attachment":"","ocean_post_title_bg_image_repeat":"","ocean_post_title_bg_image_size":"","ocean_post_title_height":0,"ocean_post_title_bg_overlay":0.5,"ocean_post_title_bg_overlay_color":"","ocean_disable_breadcrumbs":"off","ocean_breadcrumbs_color":"","ocean_breadcrumbs_separator_color":"","ocean_breadcrumbs_links_color":"","ocean_breadcrumbs_links_hover_color":"","ocean_display_footer_widgets":"default","ocean_display_footer_bottom":"default","ocean_custom_footer_template":"0","footnotes":""},"class_list":["post-247","page","type-page","status-publish","hentry","entry"],"_links":{"self":[{"href":"https:\/\/aceiteracolibri.com.ar\/en\/wp-json\/wp\/v2\/pages\/247","targetHints":{"allow":["GET"]}}],"collection":[{"href":"https:\/\/aceiteracolibri.com.ar\/en\/wp-json\/wp\/v2\/pages"}],"about":[{"href":"https:\/\/aceiteracolibri.com.ar\/en\/wp-json\/wp\/v2\/types\/page"}],"author":[{"embeddable":true,"href":"https:\/\/aceiteracolibri.com.ar\/en\/wp-json\/wp\/v2\/users\/1"}],"replies":[{"embeddable":true,"href":"https:\/\/aceiteracolibri.com.ar\/en\/wp-json\/wp\/v2\/comments?post=247"}],"version-history":[{"count":6,"href":"https:\/\/aceiteracolibri.com.ar\/en\/wp-json\/wp\/v2\/pages\/247\/revisions"}],"predecessor-version":[{"id":924,"href":"https:\/\/aceiteracolibri.com.ar\/en\/wp-json\/wp\/v2\/pages\/247\/revisions\/924"}],"wp:attachment":[{"href":"https:\/\/aceiteracolibri.com.ar\/en\/wp-json\/wp\/v2\/media?parent=247"}],"curies":[{"name":"wp","href":"https:\/\/api.w.org\/{rel}","templated":true}]}}