{"id":316,"date":"2024-07-18T11:45:28","date_gmt":"2024-07-18T14:45:28","guid":{"rendered":"https:\/\/aceiteracolibri.com.ar\/?page_id=316"},"modified":"2024-12-13T10:33:02","modified_gmt":"2024-12-13T13:33:02","slug":"poroto-de-soja","status":"publish","type":"page","link":"https:\/\/aceiteracolibri.com.ar\/en\/poroto-de-soja\/","title":{"rendered":"Poroto de Soja"},"content":{"rendered":"<div data-elementor-type=\"wp-page\" data-elementor-id=\"316\" class=\"elementor elementor-316\" data-elementor-post-type=\"page\">\n\t\t\t\t<div class=\"elementor-element elementor-element-516d24ea e-con-full e-flex e-con e-parent\" data-id=\"516d24ea\" data-element_type=\"container\" data-settings=\"{&quot;background_background&quot;:&quot;gradient&quot;}\">\n\t\t<div class=\"elementor-element elementor-element-1cd46824 e-con-full e-flex e-con e-child\" data-id=\"1cd46824\" data-element_type=\"container\">\n\t\t<div class=\"elementor-element elementor-element-c1734ed e-con-full e-flex e-con e-child\" data-id=\"c1734ed\" data-element_type=\"container\">\n\t\t<div class=\"elementor-element elementor-element-6ffcba56 e-con-full e-flex e-con e-child\" data-id=\"6ffcba56\" data-element_type=\"container\">\n\t\t<div class=\"elementor-element elementor-element-612e24d e-con-full e-flex e-con e-child\" data-id=\"612e24d\" data-element_type=\"container\" data-settings=\"{&quot;background_background&quot;:&quot;classic&quot;}\">\n\t\t\t\t<div class=\"elementor-element elementor-element-43417894 elementor-widget elementor-widget-heading\" data-id=\"43417894\" data-element_type=\"widget\" data-widget_type=\"heading.default\">\n\t\t\t\t<div class=\"elementor-widget-container\">\n\t\t\t\t\t<h2 class=\"elementor-heading-title elementor-size-default\">Poroto de Soja<\/h2>\t\t\t\t<\/div>\n\t\t\t\t<\/div>\n\t\t\t\t<div class=\"elementor-element elementor-element-74b25120 elementor-widget elementor-widget-text-editor\" data-id=\"74b25120\" data-element_type=\"widget\" data-widget_type=\"text-editor.default\">\n\t\t\t\t<div class=\"elementor-widget-container\">\n\t\t\t\t\t\t\t\t\t<p class=\"western\">Con aproximadamente un 40% de prote\u00ednas, el poroto de soja no solo es una fuente incre\u00edble de amino\u00e1cidos esenciales, sino tambi\u00e9n un aliado nutricional invaluable.<\/p><p>Su alto contenido de fibra diet\u00e9tica contribuye a una digesti\u00f3n saludable y a mantener el equilibrio intestinal. Es rico en \u00e1cidos grasos poliinsaturados como Omega-3 y Omega-6, conocidos por sus beneficios para la salud cardiovascular.\u00a0<\/p><p>Cuenta con vitaminas del grupo B, vitamina E, hierro, calcio, magnesio y zinc, todos esenciales para el buen funcionamiento del cuerpo. Adem\u00e1s de las isoflavonas, compuestos bioactivos que pueden ser clave en la reducci\u00f3n de ciertos riesgos de enfermedades cr\u00f3nicas.<\/p><p>Este grano vers\u00e1til encuentra su camino en productos como el aceite refinado, expeller o en aquellos cotidianos como el tofu, leche de soja y salsa de soja, en la formulaci\u00f3n de piensos para animales y suplementos nutrac\u00e9uticos.<\/p><p>En la agricultura, su capacidad para fijar nitr\u00f3geno lo convierte en un aliado perfecto para mejorar la fertilidad del suelo en las rotaciones de cultivos.<\/p>\t\t\t\t\t\t\t\t<\/div>\n\t\t\t\t<\/div>\n\t\t\t\t<div class=\"elementor-element elementor-element-653c49df elementor-widget elementor-widget-html\" data-id=\"653c49df\" data-element_type=\"widget\" data-widget_type=\"html.default\">\n\t\t\t\t<div class=\"elementor-widget-container\">\n\t\t\t\t\t<style class=\"accordion-closed-on-load\">body:not(.elementor-editor-active) .elementor-widget-accordion .elementor-tab-content {\ndisplay: none!important;\n}<\/style> <script src=\"data:text\/javascript;base64,d2luZG93LmFkZEV2ZW50TGlzdGVuZXIoJ2xvYWQnLGZ1bmN0aW9uKCl7c2V0VGltZW91dChmdW5jdGlvbigpe2RvY3VtZW50LnF1ZXJ5U2VsZWN0b3IoJy5hY2NvcmRpb24tY2xvc2VkLW9uLWxvYWQnKS5yZW1vdmUoKTtsZXQgYWNjb3JkaW9uc0VsZW1zPWRvY3VtZW50LnF1ZXJ5U2VsZWN0b3JBbGwoJy5lbGVtZW50b3Itd2lkZ2V0LWFjY29yZGlvbicpCmFjY29yZGlvbnNFbGVtcy5mb3JFYWNoKGU9PntsZXQgYWN0aXZlVGl0bGU9ZS5xdWVyeVNlbGVjdG9yKCcuZWxlbWVudG9yLXRhYi10aXRsZS5lbGVtZW50b3ItYWN0aXZlJyk7bGV0IGFjdGl2ZUNvbnRlbnQ9ZS5xdWVyeVNlbGVjdG9yKCcuZWxlbWVudG9yLXRhYi1jb250ZW50LmVsZW1lbnRvci1hY3RpdmUnKQpqUXVlcnkoYWN0aXZlQ29udGVudCkuaGlkZSgpO2FjdGl2ZVRpdGxlLmNsYXNzTGlzdC5yZW1vdmUoJ2VsZW1lbnRvci1hY3RpdmUnKTthY3RpdmVDb250ZW50LmNsYXNzTGlzdC5yZW1vdmUoJ2VsZW1lbnRvci1hY3RpdmUnKTthY3RpdmVDb250ZW50LnNldEF0dHJpYnV0ZSgnaGlkZGVuJywnaGlkZGVuJyk7YWN0aXZlVGl0bGUuc2V0QXR0cmlidXRlKCdhcmlhLWV4cGFuZGVkJywhMSk7YWN0aXZlVGl0bGUuc2V0QXR0cmlidXRlKCdhcmlhLXNlbGVjdGVkJywhMSk7YWN0aXZlVGl0bGUuc2V0QXR0cmlidXRlKCd0YWJpbmRleCcsLTEpfSl9LDEwMCl9KQ==\" defer><\/script>\t\t\t\t<\/div>\n\t\t\t\t<\/div>\n\t\t\t\t<\/div>\n\t\t<div class=\"elementor-element elementor-element-8877e76 e-con-full e-flex e-con e-child\" data-id=\"8877e76\" data-element_type=\"container\">\n\t\t\t\t<div class=\"elementor-element elementor-element-5c7d5e8 elementor-widget elementor-widget-image\" data-id=\"5c7d5e8\" data-element_type=\"widget\" data-settings=\"{&quot;motion_fx_motion_fx_scrolling&quot;:&quot;yes&quot;,&quot;motion_fx_translateY_effect&quot;:&quot;yes&quot;,&quot;motion_fx_translateY_direction&quot;:&quot;negative&quot;,&quot;motion_fx_devices&quot;:[&quot;desktop&quot;],&quot;motion_fx_translateY_speed&quot;:{&quot;unit&quot;:&quot;px&quot;,&quot;size&quot;:4,&quot;sizes&quot;:[]},&quot;motion_fx_translateY_affectedRange&quot;:{&quot;unit&quot;:&quot;%&quot;,&quot;size&quot;:&quot;&quot;,&quot;sizes&quot;:{&quot;start&quot;:0,&quot;end&quot;:100}}}\" data-widget_type=\"image.default\">\n\t\t\t\t<div class=\"elementor-widget-container\">\n\t\t\t\t\t\t\t\t\t\t\t\t\t\t\t<img fetchpriority=\"high\" decoding=\"async\" width=\"1024\" height=\"683\" src=\"https:\/\/aceiteracolibri.com.ar\/wp-content\/uploads\/2024\/10\/iStock-1476756247-1024x683.jpg\" class=\"attachment-large size-large wp-image-843\" alt=\"\" srcset=\"https:\/\/aceiteracolibri.com.ar\/wp-content\/uploads\/2024\/10\/iStock-1476756247-1024x683.jpg 1024w, https:\/\/aceiteracolibri.com.ar\/wp-content\/uploads\/2024\/10\/iStock-1476756247-300x200.jpg 300w, https:\/\/aceiteracolibri.com.ar\/wp-content\/uploads\/2024\/10\/iStock-1476756247-768x512.jpg 768w, https:\/\/aceiteracolibri.com.ar\/wp-content\/uploads\/2024\/10\/iStock-1476756247-1536x1024.jpg 1536w, https:\/\/aceiteracolibri.com.ar\/wp-content\/uploads\/2024\/10\/iStock-1476756247-2048x1365.jpg 2048w\" sizes=\"(max-width: 1024px) 100vw, 1024px\" \/>\t\t\t\t\t\t\t\t\t\t\t\t\t\t\t<\/div>\n\t\t\t\t<\/div>\n\t\t\t\t<\/div>\n\t\t\t\t<\/div>\n\t\t\t\t<\/div>\n\t\t\t\t<\/div>\n\t\t\t\t<\/div>\n\t\t<div class=\"elementor-element elementor-element-730b2b28 e-con-full e-flex e-con e-parent\" data-id=\"730b2b28\" data-element_type=\"container\" data-settings=\"{&quot;background_background&quot;:&quot;classic&quot;}\">\n\t\t<div class=\"elementor-element elementor-element-584caf4 e-con-full e-flex e-con e-child\" data-id=\"584caf4\" data-element_type=\"container\">\n\t\t\t\t<div class=\"elementor-element elementor-element-40ca96f1 elementor-widget elementor-widget-accordion\" data-id=\"40ca96f1\" data-element_type=\"widget\" data-widget_type=\"accordion.default\">\n\t\t\t\t<div class=\"elementor-widget-container\">\n\t\t\t\t\t\t\t<div class=\"elementor-accordion\">\n\t\t\t\t\t\t\t<div class=\"elementor-accordion-item\">\n\t\t\t\t\t<div id=\"elementor-tab-title-1081\" class=\"elementor-tab-title\" data-tab=\"1\" role=\"button\" aria-controls=\"elementor-tab-content-1081\" aria-expanded=\"false\">\n\t\t\t\t\t\t\t\t\t\t\t\t\t<span class=\"elementor-accordion-icon elementor-accordion-icon-left\" aria-hidden=\"true\">\n\t\t\t\t\t\t\t\t\t\t\t\t\t\t\t<span class=\"elementor-accordion-icon-closed\"><svg class=\"e-font-icon-svg e-fas-plus\" viewbox=\"0 0 448 512\" xmlns=\"http:\/\/www.w3.org\/2000\/svg\"><path d=\"M416 208H272V64c0-17.67-14.33-32-32-32h-32c-17.67 0-32 14.33-32 32v144H32c-17.67 0-32 14.33-32 32v32c0 17.67 14.33 32 32 32h144v144c0 17.67 14.33 32 32 32h32c17.67 0 32-14.33 32-32V304h144c17.67 0 32-14.33 32-32v-32c0-17.67-14.33-32-32-32z\"><\/path><\/svg><\/span>\n\t\t\t\t\t\t\t\t<span class=\"elementor-accordion-icon-opened\"><svg class=\"e-font-icon-svg e-fas-minus\" viewbox=\"0 0 448 512\" xmlns=\"http:\/\/www.w3.org\/2000\/svg\"><path d=\"M416 208H32c-17.67 0-32 14.33-32 32v32c0 17.67 14.33 32 32 32h384c17.67 0 32-14.33 32-32v-32c0-17.67-14.33-32-32-32z\"><\/path><\/svg><\/span>\n\t\t\t\t\t\t\t\t\t\t\t\t\t\t<\/span>\n\t\t\t\t\t\t\t\t\t\t\t\t<a class=\"elementor-accordion-title\" tabindex=\"0\">Properties &amp; Benefits<\/a>\n\t\t\t\t\t<\/div>\n\t\t\t\t\t<div id=\"elementor-tab-content-1081\" class=\"elementor-tab-content elementor-clearfix\" data-tab=\"1\" role=\"region\" aria-labelledby=\"elementor-tab-title-1081\"><p class=\"western\"><strong>Alto Contenido de Prote\u00ednas:<\/strong><\/p><p class=\"western\">Los porotos de soja contienen aproximadamente un 40% de prote\u00edna, proporcionando todos los amino\u00e1cidos esenciales necesarios para una dieta equilibrada.<\/p><p class=\"western\"><strong>\u00c1cidos Grasos Esenciales:<\/strong><\/p><p class=\"western\">Rico en \u00e1cidos grasos poliinsaturados, incluyendo Omega-3 y Omega-6, que son beneficiosos para la salud cardiovascular.<\/p><p class=\"western\"><strong>Fuente de Fibra:<\/strong><\/p><p class=\"western\">Contribuye a una buena digesti\u00f3n y salud intestinal gracias a su alto contenido de fibra diet\u00e9tica.<\/p><p class=\"western\"><strong>Vitaminas y Minerales:<\/strong><\/p><p class=\"western\">Proporciona vitaminas del grupo B, vitamina E, hierro, calcio, magnesio y zinc, esenciales para diversas funciones corporales.<\/p><p class=\"western\"><strong>Isoflavonas:<\/strong><\/p><p class=\"western\">Contiene compuestos bioactivos que pueden ayudar a reducir el riesgo de ciertas enfermedades cr\u00f3nicas.<\/p><\/div>\n\t\t\t\t<\/div>\n\t\t\t\t\t\t\t<div class=\"elementor-accordion-item\">\n\t\t\t\t\t<div id=\"elementor-tab-title-1082\" class=\"elementor-tab-title\" data-tab=\"2\" role=\"button\" aria-controls=\"elementor-tab-content-1082\" aria-expanded=\"false\">\n\t\t\t\t\t\t\t\t\t\t\t\t\t<span class=\"elementor-accordion-icon elementor-accordion-icon-left\" aria-hidden=\"true\">\n\t\t\t\t\t\t\t\t\t\t\t\t\t\t\t<span class=\"elementor-accordion-icon-closed\"><svg class=\"e-font-icon-svg e-fas-plus\" viewbox=\"0 0 448 512\" xmlns=\"http:\/\/www.w3.org\/2000\/svg\"><path d=\"M416 208H272V64c0-17.67-14.33-32-32-32h-32c-17.67 0-32 14.33-32 32v144H32c-17.67 0-32 14.33-32 32v32c0 17.67 14.33 32 32 32h144v144c0 17.67 14.33 32 32 32h32c17.67 0 32-14.33 32-32V304h144c17.67 0 32-14.33 32-32v-32c0-17.67-14.33-32-32-32z\"><\/path><\/svg><\/span>\n\t\t\t\t\t\t\t\t<span class=\"elementor-accordion-icon-opened\"><svg class=\"e-font-icon-svg e-fas-minus\" viewbox=\"0 0 448 512\" xmlns=\"http:\/\/www.w3.org\/2000\/svg\"><path d=\"M416 208H32c-17.67 0-32 14.33-32 32v32c0 17.67 14.33 32 32 32h384c17.67 0 32-14.33 32-32v-32c0-17.67-14.33-32-32-32z\"><\/path><\/svg><\/span>\n\t\t\t\t\t\t\t\t\t\t\t\t\t\t<\/span>\n\t\t\t\t\t\t\t\t\t\t\t\t<a class=\"elementor-accordion-title\" tabindex=\"0\">Applications<\/a>\n\t\t\t\t\t<\/div>\n\t\t\t\t\t<div id=\"elementor-tab-content-1082\" class=\"elementor-tab-content elementor-clearfix\" data-tab=\"2\" role=\"region\" aria-labelledby=\"elementor-tab-title-1082\"><p class=\"western\"><strong>Food Industry:<\/strong><\/p><p class=\"western\">Utilizado en la producci\u00f3n de tofu, leche de soja, salsa de soja y otros productos derivados.<\/p><p class=\"western\"><strong>Industria Aceitera:<\/strong><\/p><p class=\"western\">Los porotos de soja son la materia prima esencial para la extracci\u00f3n de aceite de soja. Mediante procesos como el extrusado y prensado, se obtiene aceite de alta calidad y subproductos como el expeller de soja, que es utilizado en la alimentaci\u00f3n animal.<\/p><p class=\"western\"><strong>Animal Feed Industry:<\/strong><\/p><p class=\"western\">Ingrediente clave en la formulaci\u00f3n de piensos para animales debido a su alto contenido de prote\u00ednas y nutrientes.<\/p><p class=\"western\"><strong>Pharmaceutical Industry:<\/strong><\/p><p class=\"western\">Base para suplementos proteicos y otros productos nutrac\u00e9uticos.<\/p><p class=\"western\"><strong>Agricultura y Medio Ambiente:<\/strong><\/p><p class=\"western\">Usado en rotaciones de cultivos para mejorar la fertilidad del suelo gracias a su capacidad de fijar nitr\u00f3geno.<\/p><\/div>\n\t\t\t\t<\/div>\n\t\t\t\t\t\t\t\t<\/div>\n\t\t\t\t\t\t<\/div>\n\t\t\t\t<\/div>\n\t\t\t\t<\/div>\n\t\t\t\t<\/div>\n\t\t\t\t<\/div>","protected":false},"excerpt":{"rendered":"<p>Poroto de Soja Con aproximadamente un 40% de prote\u00ednas, el poroto de soja no solo es una fuente incre\u00edble de amino\u00e1cidos esenciales, sino tambi\u00e9n un aliado nutricional invaluable. Su alto contenido de fibra diet\u00e9tica contribuye a una digesti\u00f3n saludable y a mantener el equilibrio intestinal. Es rico en \u00e1cidos grasos poliinsaturados como Omega-3 y Omega-6, [&hellip;]<\/p>","protected":false},"author":1,"featured_media":0,"parent":0,"menu_order":0,"comment_status":"closed","ping_status":"closed","template":"","meta":{"ocean_post_layout":"full-screen","ocean_both_sidebars_style":"","ocean_both_sidebars_content_width":0,"ocean_both_sidebars_sidebars_width":0,"ocean_sidebar":"0","ocean_second_sidebar":"0","ocean_disable_margins":"on","ocean_add_body_class":"","ocean_shortcode_before_top_bar":"","ocean_shortcode_after_top_bar":"","ocean_shortcode_before_header":"","ocean_shortcode_after_header":"","ocean_has_shortcode":"","ocean_shortcode_after_title":"","ocean_shortcode_before_footer_widgets":"","ocean_shortcode_after_footer_widgets":"","ocean_shortcode_before_footer_bottom":"","ocean_shortcode_after_footer_bottom":"","ocean_display_top_bar":"default","ocean_display_header":"default","ocean_header_style":"","ocean_center_header_left_menu":"0","ocean_custom_header_template":"0","ocean_custom_logo":0,"ocean_custom_retina_logo":0,"ocean_custom_logo_max_width":0,"ocean_custom_logo_tablet_max_width":0,"ocean_custom_logo_mobile_max_width":0,"ocean_custom_logo_max_height":0,"ocean_custom_logo_tablet_max_height":0,"ocean_custom_logo_mobile_max_height":0,"ocean_header_custom_menu":"0","ocean_menu_typo_font_family":"0","ocean_menu_typo_font_subset":"","ocean_menu_typo_font_size":0,"ocean_menu_typo_font_size_tablet":0,"ocean_menu_typo_font_size_mobile":0,"ocean_menu_typo_font_size_unit":"px","ocean_menu_typo_font_weight":"","ocean_menu_typo_font_weight_tablet":"","ocean_menu_typo_font_weight_mobile":"","ocean_menu_typo_transform":"","ocean_menu_typo_transform_tablet":"","ocean_menu_typo_transform_mobile":"","ocean_menu_typo_line_height":0,"ocean_menu_typo_line_height_tablet":0,"ocean_menu_typo_line_height_mobile":0,"ocean_menu_typo_line_height_unit":"","ocean_menu_typo_spacing":0,"ocean_menu_typo_spacing_tablet":0,"ocean_menu_typo_spacing_mobile":0,"ocean_menu_typo_spacing_unit":"","ocean_menu_link_color":"","ocean_menu_link_color_hover":"","ocean_menu_link_color_active":"","ocean_menu_link_background":"","ocean_menu_link_hover_background":"","ocean_menu_link_active_background":"","ocean_menu_social_links_bg":"","ocean_menu_social_hover_links_bg":"","ocean_menu_social_links_color":"","ocean_menu_social_hover_links_color":"","ocean_disable_title":"on","ocean_disable_heading":"default","ocean_post_title":"","ocean_post_subheading":"","ocean_post_title_style":"","ocean_post_title_background_color":"","ocean_post_title_background":0,"ocean_post_title_bg_image_position":"","ocean_post_title_bg_image_attachment":"","ocean_post_title_bg_image_repeat":"","ocean_post_title_bg_image_size":"","ocean_post_title_height":0,"ocean_post_title_bg_overlay":0.5,"ocean_post_title_bg_overlay_color":"","ocean_disable_breadcrumbs":"off","ocean_breadcrumbs_color":"","ocean_breadcrumbs_separator_color":"","ocean_breadcrumbs_links_color":"","ocean_breadcrumbs_links_hover_color":"","ocean_display_footer_widgets":"default","ocean_display_footer_bottom":"default","ocean_custom_footer_template":"0","footnotes":""},"class_list":["post-316","page","type-page","status-publish","hentry","entry"],"_links":{"self":[{"href":"https:\/\/aceiteracolibri.com.ar\/en\/wp-json\/wp\/v2\/pages\/316","targetHints":{"allow":["GET"]}}],"collection":[{"href":"https:\/\/aceiteracolibri.com.ar\/en\/wp-json\/wp\/v2\/pages"}],"about":[{"href":"https:\/\/aceiteracolibri.com.ar\/en\/wp-json\/wp\/v2\/types\/page"}],"author":[{"embeddable":true,"href":"https:\/\/aceiteracolibri.com.ar\/en\/wp-json\/wp\/v2\/users\/1"}],"replies":[{"embeddable":true,"href":"https:\/\/aceiteracolibri.com.ar\/en\/wp-json\/wp\/v2\/comments?post=316"}],"version-history":[{"count":3,"href":"https:\/\/aceiteracolibri.com.ar\/en\/wp-json\/wp\/v2\/pages\/316\/revisions"}],"predecessor-version":[{"id":945,"href":"https:\/\/aceiteracolibri.com.ar\/en\/wp-json\/wp\/v2\/pages\/316\/revisions\/945"}],"wp:attachment":[{"href":"https:\/\/aceiteracolibri.com.ar\/en\/wp-json\/wp\/v2\/media?parent=316"}],"curies":[{"name":"wp","href":"https:\/\/api.w.org\/{rel}","templated":true}]}}