{"id":325,"date":"2024-07-18T11:50:35","date_gmt":"2024-07-18T14:50:35","guid":{"rendered":"https:\/\/aceiteracolibri.com.ar\/?page_id=325"},"modified":"2024-12-13T10:29:34","modified_gmt":"2024-12-13T13:29:34","slug":"granos-de-maiz","status":"publish","type":"page","link":"https:\/\/aceiteracolibri.com.ar\/en\/granos-de-maiz\/","title":{"rendered":"Corn Grains"},"content":{"rendered":"<div data-elementor-type=\"wp-page\" data-elementor-id=\"325\" class=\"elementor elementor-325\" data-elementor-post-type=\"page\">\n\t\t\t\t<div class=\"elementor-element elementor-element-6eabea92 e-con-full e-flex e-con e-parent\" data-id=\"6eabea92\" data-element_type=\"container\" data-settings=\"{&quot;background_background&quot;:&quot;gradient&quot;}\">\n\t\t<div class=\"elementor-element elementor-element-67b7d457 e-con-full e-flex e-con e-child\" data-id=\"67b7d457\" data-element_type=\"container\">\n\t\t<div class=\"elementor-element elementor-element-c1cfe37 e-con-full e-flex e-con e-child\" data-id=\"c1cfe37\" data-element_type=\"container\">\n\t\t<div class=\"elementor-element elementor-element-149236a8 e-con-full e-flex e-con e-child\" data-id=\"149236a8\" data-element_type=\"container\">\n\t\t<div class=\"elementor-element elementor-element-18f74e34 e-con-full e-flex e-con e-child\" data-id=\"18f74e34\" data-element_type=\"container\" data-settings=\"{&quot;background_background&quot;:&quot;classic&quot;}\">\n\t\t\t\t<div class=\"elementor-element elementor-element-15f7e9a8 elementor-widget elementor-widget-heading\" data-id=\"15f7e9a8\" data-element_type=\"widget\" data-widget_type=\"heading.default\">\n\t\t\t\t<div class=\"elementor-widget-container\">\n\t\t\t\t\t<h2 class=\"elementor-heading-title elementor-size-default\">Corn Grains<\/h2>\t\t\t\t<\/div>\n\t\t\t\t<\/div>\n\t\t\t\t<div class=\"elementor-element elementor-element-1602d611 elementor-widget elementor-widget-text-editor\" data-id=\"1602d611\" data-element_type=\"widget\" data-widget_type=\"text-editor.default\">\n\t\t\t\t<div class=\"elementor-widget-container\">\n\t\t\t\t\t\t\t\t\t<p>Nuestros granos de ma\u00edz representan una soluci\u00f3n nutricionalmente completa para la alimentaci\u00f3n tanto humana como animal. Son una fuente destacada de amino\u00e1cidos esenciales, como la lisina y el tript\u00f3fano, lo que los hace fundamentales para el mantenimiento de la salud general. Su perfil nutricional incluye vitaminas del grupo B, como tiamina y niacina, o minerales esenciales como magnesio, f\u00f3sforo y potasio, que contribuyen a una digesti\u00f3n saludable como as\u00ed tambi\u00e9n a la regulaci\u00f3n de los niveles de az\u00facar en sangre.<\/p><p>Est\u00e1n enriquecidos con antioxidantes, incluyendo carotenoides como la lute\u00edna y la zeaxantina que ayudan a evitar el estr\u00e9s oxidativo. Su versatilidad se manifiesta en su utilizaci\u00f3n en la producci\u00f3n de harina, almid\u00f3n, siropes, tortillas, cereales y snacks, adapt\u00e1ndose a diversas necesidades alimenticias.<\/p><p>Asimismo, es un componente esencial en la elaboraci\u00f3n de aceite de ma\u00edz, adecuado para una amplia gama de aplicaciones culinarias. Su valor nutricional tambi\u00e9n se refleja en la formulaci\u00f3n de piensos de alta calidad para animales y en la producci\u00f3n de etanol, un biocombustible sostenible.<\/p><p>Finalmente, desempe\u00f1a un papel en la fabricaci\u00f3n de pl\u00e1sticos biodegradables y otros materiales sostenibles, promoviendo un enfoque ecol\u00f3gico y responsable.<\/p><p>Si busca ma\u00edz de alta calidad, encontr\u00f3 su proveedor indicado.<\/p>\t\t\t\t\t\t\t\t<\/div>\n\t\t\t\t<\/div>\n\t\t\t\t<div class=\"elementor-element elementor-element-6e4aafdc elementor-widget elementor-widget-html\" data-id=\"6e4aafdc\" data-element_type=\"widget\" data-widget_type=\"html.default\">\n\t\t\t\t<div class=\"elementor-widget-container\">\n\t\t\t\t\t<style class=\"accordion-closed-on-load\">body:not(.elementor-editor-active) .elementor-widget-accordion .elementor-tab-content {\ndisplay: none!important;\n}<\/style> <script src=\"data:text\/javascript;base64,d2luZG93LmFkZEV2ZW50TGlzdGVuZXIoJ2xvYWQnLGZ1bmN0aW9uKCl7c2V0VGltZW91dChmdW5jdGlvbigpe2RvY3VtZW50LnF1ZXJ5U2VsZWN0b3IoJy5hY2NvcmRpb24tY2xvc2VkLW9uLWxvYWQnKS5yZW1vdmUoKTtsZXQgYWNjb3JkaW9uc0VsZW1zPWRvY3VtZW50LnF1ZXJ5U2VsZWN0b3JBbGwoJy5lbGVtZW50b3Itd2lkZ2V0LWFjY29yZGlvbicpCmFjY29yZGlvbnNFbGVtcy5mb3JFYWNoKGU9PntsZXQgYWN0aXZlVGl0bGU9ZS5xdWVyeVNlbGVjdG9yKCcuZWxlbWVudG9yLXRhYi10aXRsZS5lbGVtZW50b3ItYWN0aXZlJyk7bGV0IGFjdGl2ZUNvbnRlbnQ9ZS5xdWVyeVNlbGVjdG9yKCcuZWxlbWVudG9yLXRhYi1jb250ZW50LmVsZW1lbnRvci1hY3RpdmUnKQpqUXVlcnkoYWN0aXZlQ29udGVudCkuaGlkZSgpO2FjdGl2ZVRpdGxlLmNsYXNzTGlzdC5yZW1vdmUoJ2VsZW1lbnRvci1hY3RpdmUnKTthY3RpdmVDb250ZW50LmNsYXNzTGlzdC5yZW1vdmUoJ2VsZW1lbnRvci1hY3RpdmUnKTthY3RpdmVDb250ZW50LnNldEF0dHJpYnV0ZSgnaGlkZGVuJywnaGlkZGVuJyk7YWN0aXZlVGl0bGUuc2V0QXR0cmlidXRlKCdhcmlhLWV4cGFuZGVkJywhMSk7YWN0aXZlVGl0bGUuc2V0QXR0cmlidXRlKCdhcmlhLXNlbGVjdGVkJywhMSk7YWN0aXZlVGl0bGUuc2V0QXR0cmlidXRlKCd0YWJpbmRleCcsLTEpfSl9LDEwMCl9KQ==\" defer><\/script>\t\t\t\t<\/div>\n\t\t\t\t<\/div>\n\t\t\t\t<\/div>\n\t\t<div class=\"elementor-element elementor-element-4fea5c7a e-con-full e-flex e-con e-child\" data-id=\"4fea5c7a\" data-element_type=\"container\">\n\t\t\t\t<div class=\"elementor-element elementor-element-7c257c46 elementor-widget elementor-widget-image\" data-id=\"7c257c46\" data-element_type=\"widget\" data-settings=\"{&quot;motion_fx_motion_fx_scrolling&quot;:&quot;yes&quot;,&quot;motion_fx_translateY_effect&quot;:&quot;yes&quot;,&quot;motion_fx_translateY_direction&quot;:&quot;negative&quot;,&quot;motion_fx_devices&quot;:[&quot;desktop&quot;],&quot;motion_fx_translateY_speed&quot;:{&quot;unit&quot;:&quot;px&quot;,&quot;size&quot;:4,&quot;sizes&quot;:[]},&quot;motion_fx_translateY_affectedRange&quot;:{&quot;unit&quot;:&quot;%&quot;,&quot;size&quot;:&quot;&quot;,&quot;sizes&quot;:{&quot;start&quot;:0,&quot;end&quot;:100}}}\" data-widget_type=\"image.default\">\n\t\t\t\t<div class=\"elementor-widget-container\">\n\t\t\t\t\t\t\t\t\t\t\t\t\t\t\t<img fetchpriority=\"high\" decoding=\"async\" width=\"1024\" height=\"683\" src=\"https:\/\/aceiteracolibri.com.ar\/wp-content\/uploads\/2024\/07\/iStock-2156174738-1024x683.jpg\" class=\"attachment-large size-large wp-image-477\" alt=\"\" srcset=\"https:\/\/aceiteracolibri.com.ar\/wp-content\/uploads\/2024\/07\/iStock-2156174738-1024x683.jpg 1024w, https:\/\/aceiteracolibri.com.ar\/wp-content\/uploads\/2024\/07\/iStock-2156174738-300x200.jpg 300w, https:\/\/aceiteracolibri.com.ar\/wp-content\/uploads\/2024\/07\/iStock-2156174738-768x512.jpg 768w, https:\/\/aceiteracolibri.com.ar\/wp-content\/uploads\/2024\/07\/iStock-2156174738-1536x1024.jpg 1536w, https:\/\/aceiteracolibri.com.ar\/wp-content\/uploads\/2024\/07\/iStock-2156174738-2048x1366.jpg 2048w\" sizes=\"(max-width: 1024px) 100vw, 1024px\" \/>\t\t\t\t\t\t\t\t\t\t\t\t\t\t\t<\/div>\n\t\t\t\t<\/div>\n\t\t\t\t<\/div>\n\t\t\t\t<\/div>\n\t\t\t\t<\/div>\n\t\t\t\t<\/div>\n\t\t\t\t<\/div>\n\t\t<div class=\"elementor-element elementor-element-2f988a4a e-con-full e-flex e-con e-parent\" data-id=\"2f988a4a\" data-element_type=\"container\" data-settings=\"{&quot;background_background&quot;:&quot;classic&quot;}\">\n\t\t<div class=\"elementor-element elementor-element-7f4e7d8f e-con-full e-flex e-con e-child\" data-id=\"7f4e7d8f\" data-element_type=\"container\">\n\t\t\t\t<div class=\"elementor-element elementor-element-526ebea elementor-widget elementor-widget-accordion\" data-id=\"526ebea\" data-element_type=\"widget\" data-widget_type=\"accordion.default\">\n\t\t\t\t<div class=\"elementor-widget-container\">\n\t\t\t\t\t\t\t<div class=\"elementor-accordion\">\n\t\t\t\t\t\t\t<div class=\"elementor-accordion-item\">\n\t\t\t\t\t<div id=\"elementor-tab-title-8641\" class=\"elementor-tab-title\" data-tab=\"1\" role=\"button\" aria-controls=\"elementor-tab-content-8641\" aria-expanded=\"false\">\n\t\t\t\t\t\t\t\t\t\t\t\t\t<span class=\"elementor-accordion-icon elementor-accordion-icon-left\" aria-hidden=\"true\">\n\t\t\t\t\t\t\t\t\t\t\t\t\t\t\t<span class=\"elementor-accordion-icon-closed\"><svg class=\"e-font-icon-svg e-fas-plus\" viewbox=\"0 0 448 512\" xmlns=\"http:\/\/www.w3.org\/2000\/svg\"><path d=\"M416 208H272V64c0-17.67-14.33-32-32-32h-32c-17.67 0-32 14.33-32 32v144H32c-17.67 0-32 14.33-32 32v32c0 17.67 14.33 32 32 32h144v144c0 17.67 14.33 32 32 32h32c17.67 0 32-14.33 32-32V304h144c17.67 0 32-14.33 32-32v-32c0-17.67-14.33-32-32-32z\"><\/path><\/svg><\/span>\n\t\t\t\t\t\t\t\t<span class=\"elementor-accordion-icon-opened\"><svg class=\"e-font-icon-svg e-fas-minus\" viewbox=\"0 0 448 512\" xmlns=\"http:\/\/www.w3.org\/2000\/svg\"><path d=\"M416 208H32c-17.67 0-32 14.33-32 32v32c0 17.67 14.33 32 32 32h384c17.67 0 32-14.33 32-32v-32c0-17.67-14.33-32-32-32z\"><\/path><\/svg><\/span>\n\t\t\t\t\t\t\t\t\t\t\t\t\t\t<\/span>\n\t\t\t\t\t\t\t\t\t\t\t\t<a class=\"elementor-accordion-title\" tabindex=\"0\">Properties &amp; Benefits<\/a>\n\t\t\t\t\t<\/div>\n\t\t\t\t\t<div id=\"elementor-tab-content-8641\" class=\"elementor-tab-content elementor-clearfix\" data-tab=\"1\" role=\"region\" aria-labelledby=\"elementor-tab-title-8641\"><p class=\"western\"><strong>Alto Contenido de Carbohidratos:<\/strong><\/p><p class=\"western\">Fuente principal de energ\u00eda r\u00e1pida y f\u00e1cilmente disponible, ideal para la alimentaci\u00f3n humana y animal.<\/p><p class=\"western\"><strong>Prote\u00ednas y Amino\u00e1cidos:<\/strong><\/p><p class=\"western\">Aunque su contenido proteico es menor en comparaci\u00f3n con la soja, el ma\u00edz proporciona amino\u00e1cidos importantes como la lisina y el tript\u00f3fano.<\/p><p class=\"western\"><strong>Vitaminas y Minerales:<\/strong><\/p><p class=\"western\">Rico en vitaminas del grupo B, especialmente tiamina y niacina, as\u00ed como en minerales como el magnesio, f\u00f3sforo y potasio.<\/p><p class=\"western\"><strong>Fibra Diet\u00e9tica:<\/strong><\/p><p class=\"western\">Contribuye a la salud digestiva y ayuda a regular los niveles de az\u00facar en sangre.<\/p><p class=\"western\"><strong>Antioxidantes Naturales:<\/strong><\/p><p class=\"western\">Contiene antioxidantes como los carotenoides, incluyendo lute\u00edna y zeaxantina que benefician la salud.<\/p><\/div>\n\t\t\t\t<\/div>\n\t\t\t\t\t\t\t<div class=\"elementor-accordion-item\">\n\t\t\t\t\t<div id=\"elementor-tab-title-8642\" class=\"elementor-tab-title\" data-tab=\"2\" role=\"button\" aria-controls=\"elementor-tab-content-8642\" aria-expanded=\"false\">\n\t\t\t\t\t\t\t\t\t\t\t\t\t<span class=\"elementor-accordion-icon elementor-accordion-icon-left\" aria-hidden=\"true\">\n\t\t\t\t\t\t\t\t\t\t\t\t\t\t\t<span class=\"elementor-accordion-icon-closed\"><svg class=\"e-font-icon-svg e-fas-plus\" viewbox=\"0 0 448 512\" xmlns=\"http:\/\/www.w3.org\/2000\/svg\"><path d=\"M416 208H272V64c0-17.67-14.33-32-32-32h-32c-17.67 0-32 14.33-32 32v144H32c-17.67 0-32 14.33-32 32v32c0 17.67 14.33 32 32 32h144v144c0 17.67 14.33 32 32 32h32c17.67 0 32-14.33 32-32V304h144c17.67 0 32-14.33 32-32v-32c0-17.67-14.33-32-32-32z\"><\/path><\/svg><\/span>\n\t\t\t\t\t\t\t\t<span class=\"elementor-accordion-icon-opened\"><svg class=\"e-font-icon-svg e-fas-minus\" viewbox=\"0 0 448 512\" xmlns=\"http:\/\/www.w3.org\/2000\/svg\"><path d=\"M416 208H32c-17.67 0-32 14.33-32 32v32c0 17.67 14.33 32 32 32h384c17.67 0 32-14.33 32-32v-32c0-17.67-14.33-32-32-32z\"><\/path><\/svg><\/span>\n\t\t\t\t\t\t\t\t\t\t\t\t\t\t<\/span>\n\t\t\t\t\t\t\t\t\t\t\t\t<a class=\"elementor-accordion-title\" tabindex=\"0\">Applications<\/a>\n\t\t\t\t\t<\/div>\n\t\t\t\t\t<div id=\"elementor-tab-content-8642\" class=\"elementor-tab-content elementor-clearfix\" data-tab=\"2\" role=\"region\" aria-labelledby=\"elementor-tab-title-8642\"><p class=\"western\"><strong>Food Industry:<\/strong><\/p><p class=\"western\">Ingrediente en la producci\u00f3n de harina de ma\u00edz, almid\u00f3n de ma\u00edz, sirope de ma\u00edz, y diversos productos alimenticios como tortillas, cereales y snacks.<\/p><p class=\"western\"><strong>Industria Aceitera:<\/strong><\/p><p class=\"western\">Los granos de ma\u00edz tambi\u00e9n pueden ser utilizados en la producci\u00f3n de aceite de ma\u00edz. Este aceite es apreciado por su sabor suave y su alto punto de humo, ideal para diversas aplicaciones culinarias.<\/p><p class=\"western\"><strong>Animal Feed Industry:<\/strong><\/p><p class=\"western\">Utilizado ampliamente en piensos para aves, ganado y otros animales debido a su valor nutricional y disponibilidad.<\/p><p class=\"western\"><strong>Biocombustibles:<\/strong><\/p><p class=\"western\">Materia prima para la producci\u00f3n de etanol, un biocombustible sostenible.<\/p><p class=\"western\"><strong>Pharmaceutical Industry:<\/strong><\/p><p class=\"western\">El almid\u00f3n de ma\u00edz se utiliza como excipiente en la fabricaci\u00f3n de medicamentos.<\/p><p class=\"western\"><strong>Industrial Products:<\/strong><\/p><p class=\"western\">Utilizado en la producci\u00f3n de pl\u00e1sticos biodegradables y otros materiales sostenibles.<\/p><\/div>\n\t\t\t\t<\/div>\n\t\t\t\t\t\t\t\t<\/div>\n\t\t\t\t\t\t<\/div>\n\t\t\t\t<\/div>\n\t\t\t\t<\/div>\n\t\t\t\t<\/div>\n\t\t\t\t<\/div>","protected":false},"excerpt":{"rendered":"<p>Granos de Ma\u00edz Nuestros granos de ma\u00edz representan una soluci\u00f3n nutricionalmente completa para la alimentaci\u00f3n tanto humana como animal. Son una fuente destacada de amino\u00e1cidos esenciales, como la lisina y el tript\u00f3fano, lo que los hace fundamentales para el mantenimiento de la salud general. Su perfil nutricional incluye vitaminas del grupo B, como tiamina y [&hellip;]<\/p>","protected":false},"author":1,"featured_media":0,"parent":0,"menu_order":0,"comment_status":"closed","ping_status":"closed","template":"","meta":{"ocean_post_layout":"full-screen","ocean_both_sidebars_style":"","ocean_both_sidebars_content_width":0,"ocean_both_sidebars_sidebars_width":0,"ocean_sidebar":"0","ocean_second_sidebar":"0","ocean_disable_margins":"on","ocean_add_body_class":"","ocean_shortcode_before_top_bar":"","ocean_shortcode_after_top_bar":"","ocean_shortcode_before_header":"","ocean_shortcode_after_header":"","ocean_has_shortcode":"","ocean_shortcode_after_title":"","ocean_shortcode_before_footer_widgets":"","ocean_shortcode_after_footer_widgets":"","ocean_shortcode_before_footer_bottom":"","ocean_shortcode_after_footer_bottom":"","ocean_display_top_bar":"default","ocean_display_header":"default","ocean_header_style":"","ocean_center_header_left_menu":"0","ocean_custom_header_template":"0","ocean_custom_logo":0,"ocean_custom_retina_logo":0,"ocean_custom_logo_max_width":0,"ocean_custom_logo_tablet_max_width":0,"ocean_custom_logo_mobile_max_width":0,"ocean_custom_logo_max_height":0,"ocean_custom_logo_tablet_max_height":0,"ocean_custom_logo_mobile_max_height":0,"ocean_header_custom_menu":"0","ocean_menu_typo_font_family":"0","ocean_menu_typo_font_subset":"","ocean_menu_typo_font_size":0,"ocean_menu_typo_font_size_tablet":0,"ocean_menu_typo_font_size_mobile":0,"ocean_menu_typo_font_size_unit":"px","ocean_menu_typo_font_weight":"","ocean_menu_typo_font_weight_tablet":"","ocean_menu_typo_font_weight_mobile":"","ocean_menu_typo_transform":"","ocean_menu_typo_transform_tablet":"","ocean_menu_typo_transform_mobile":"","ocean_menu_typo_line_height":0,"ocean_menu_typo_line_height_tablet":0,"ocean_menu_typo_line_height_mobile":0,"ocean_menu_typo_line_height_unit":"","ocean_menu_typo_spacing":0,"ocean_menu_typo_spacing_tablet":0,"ocean_menu_typo_spacing_mobile":0,"ocean_menu_typo_spacing_unit":"","ocean_menu_link_color":"","ocean_menu_link_color_hover":"","ocean_menu_link_color_active":"","ocean_menu_link_background":"","ocean_menu_link_hover_background":"","ocean_menu_link_active_background":"","ocean_menu_social_links_bg":"","ocean_menu_social_hover_links_bg":"","ocean_menu_social_links_color":"","ocean_menu_social_hover_links_color":"","ocean_disable_title":"on","ocean_disable_heading":"default","ocean_post_title":"","ocean_post_subheading":"","ocean_post_title_style":"","ocean_post_title_background_color":"","ocean_post_title_background":0,"ocean_post_title_bg_image_position":"","ocean_post_title_bg_image_attachment":"","ocean_post_title_bg_image_repeat":"","ocean_post_title_bg_image_size":"","ocean_post_title_height":0,"ocean_post_title_bg_overlay":0.5,"ocean_post_title_bg_overlay_color":"","ocean_disable_breadcrumbs":"off","ocean_breadcrumbs_color":"","ocean_breadcrumbs_separator_color":"","ocean_breadcrumbs_links_color":"","ocean_breadcrumbs_links_hover_color":"","ocean_display_footer_widgets":"default","ocean_display_footer_bottom":"default","ocean_custom_footer_template":"0","footnotes":""},"class_list":["post-325","page","type-page","status-publish","hentry","entry"],"_links":{"self":[{"href":"https:\/\/aceiteracolibri.com.ar\/en\/wp-json\/wp\/v2\/pages\/325","targetHints":{"allow":["GET"]}}],"collection":[{"href":"https:\/\/aceiteracolibri.com.ar\/en\/wp-json\/wp\/v2\/pages"}],"about":[{"href":"https:\/\/aceiteracolibri.com.ar\/en\/wp-json\/wp\/v2\/types\/page"}],"author":[{"embeddable":true,"href":"https:\/\/aceiteracolibri.com.ar\/en\/wp-json\/wp\/v2\/users\/1"}],"replies":[{"embeddable":true,"href":"https:\/\/aceiteracolibri.com.ar\/en\/wp-json\/wp\/v2\/comments?post=325"}],"version-history":[{"count":3,"href":"https:\/\/aceiteracolibri.com.ar\/en\/wp-json\/wp\/v2\/pages\/325\/revisions"}],"predecessor-version":[{"id":930,"href":"https:\/\/aceiteracolibri.com.ar\/en\/wp-json\/wp\/v2\/pages\/325\/revisions\/930"}],"wp:attachment":[{"href":"https:\/\/aceiteracolibri.com.ar\/en\/wp-json\/wp\/v2\/media?parent=325"}],"curies":[{"name":"wp","href":"https:\/\/api.w.org\/{rel}","templated":true}]}}