{"id":402,"date":"2024-07-18T19:43:21","date_gmt":"2024-07-18T22:43:21","guid":{"rendered":"https:\/\/aceiteracolibri.com.ar\/?page_id=402"},"modified":"2025-07-28T19:24:45","modified_gmt":"2025-07-28T22:24:45","slug":"nosotros","status":"publish","type":"page","link":"https:\/\/aceiteracolibri.com.ar\/en\/nosotros\/","title":{"rendered":"About us"},"content":{"rendered":"<div data-elementor-type=\"wp-page\" data-elementor-id=\"402\" class=\"elementor elementor-402\" data-elementor-post-type=\"page\">\n\t\t\t\t<div class=\"elementor-element elementor-element-7df416f7 e-con-full e-flex e-con e-parent\" data-id=\"7df416f7\" data-element_type=\"container\" data-settings=\"{&quot;background_background&quot;:&quot;gradient&quot;}\">\n\t\t<div class=\"elementor-element elementor-element-6e137a3d e-con-full e-flex e-con e-child\" data-id=\"6e137a3d\" data-element_type=\"container\">\n\t\t<div class=\"elementor-element elementor-element-21b3b34f e-con-full e-flex e-con e-child\" data-id=\"21b3b34f\" data-element_type=\"container\">\n\t\t\t\t<div class=\"elementor-element elementor-element-2d5bf02a elementor-widget elementor-widget-heading\" data-id=\"2d5bf02a\" data-element_type=\"widget\" data-widget_type=\"heading.default\">\n\t\t\t\t<div class=\"elementor-widget-container\">\n\t\t\t\t\t<h2 class=\"elementor-heading-title elementor-size-default\">About us<\/h2>\t\t\t\t<\/div>\n\t\t\t\t<\/div>\n\t\t\t\t<div class=\"elementor-element elementor-element-660ebd5 elementor-icon-list--layout-inline elementor-mobile-align-start elementor-list-item-link-full_width elementor-widget elementor-widget-icon-list\" data-id=\"660ebd5\" data-element_type=\"widget\" data-widget_type=\"icon-list.default\">\n\t\t\t\t<div class=\"elementor-widget-container\">\n\t\t\t\t\t\t\t<ul class=\"elementor-icon-list-items elementor-inline-items\">\n\t\t\t\t\t\t\t<li class=\"elementor-icon-list-item elementor-inline-item\">\n\t\t\t\t\t\t\t\t\t\t\t<a href=\"https:\/\/aceiteracolibri.com.ar\/en\/\">\n\n\t\t\t\t\t\t\t\t\t\t\t<span class=\"elementor-icon-list-text\">Home<\/span>\n\t\t\t\t\t\t\t\t\t\t\t<\/a>\n\t\t\t\t\t\t\t\t\t<\/li>\n\t\t\t\t\t\t\t\t<li class=\"elementor-icon-list-item elementor-inline-item\">\n\t\t\t\t\t\t\t\t\t\t\t<a href=\"https:\/\/aceiteracolibri.com.ar\/en\/nosotros\/\">\n\n\t\t\t\t\t\t\t\t\t\t\t\t<span class=\"elementor-icon-list-icon\">\n\t\t\t\t\t\t\t<i aria-hidden=\"true\" class=\"icon icon-chevron-right\"><\/i>\t\t\t\t\t\t<\/span>\n\t\t\t\t\t\t\t\t\t\t<span class=\"elementor-icon-list-text\">About us<\/span>\n\t\t\t\t\t\t\t\t\t\t\t<\/a>\n\t\t\t\t\t\t\t\t\t<\/li>\n\t\t\t\t\t\t<\/ul>\n\t\t\t\t\t\t<\/div>\n\t\t\t\t<\/div>\n\t\t<div class=\"elementor-element elementor-element-8acbfa3 e-con-full e-flex e-con e-child\" data-id=\"8acbfa3\" data-element_type=\"container\" data-settings=\"{&quot;background_background&quot;:&quot;gradient&quot;}\">\n\t\t\t\t<div class=\"elementor-element elementor-element-a2dbe65 elementor-widget elementor-widget-text-editor\" data-id=\"a2dbe65\" data-element_type=\"widget\" data-widget_type=\"text-editor.default\">\n\t\t\t\t<div class=\"elementor-widget-container\">\n\t\t\t\t\t\t\t\t\t<p>Oil Can Colibr\u00ed<\/p>\t\t\t\t\t\t\t\t<\/div>\n\t\t\t\t<\/div>\n\t\t<div class=\"elementor-element elementor-element-602addc e-con-full animated-slow e-flex elementor-invisible e-con e-child\" data-id=\"602addc\" data-element_type=\"container\" data-settings=\"{&quot;background_background&quot;:&quot;classic&quot;,&quot;animation&quot;:&quot;slideInLeft&quot;}\">\n\t\t<div class=\"elementor-element elementor-element-48acaa1 e-con-full e-flex e-con e-child\" data-id=\"48acaa1\" data-element_type=\"container\">\n\t\t\t\t<div class=\"elementor-element elementor-element-6229ba9 elementor-widget elementor-widget-text-editor\" data-id=\"6229ba9\" data-element_type=\"widget\" data-widget_type=\"text-editor.default\">\n\t\t\t\t<div class=\"elementor-widget-container\">\n\t\t\t\t\t\t\t\t\tInnovation\t\t\t\t\t\t\t\t<\/div>\n\t\t\t\t<\/div>\n\t\t\t\t<div class=\"elementor-element elementor-element-42aff8d elementor-widget elementor-widget-text-editor\" data-id=\"42aff8d\" data-element_type=\"widget\" data-widget_type=\"text-editor.default\">\n\t\t\t\t<div class=\"elementor-widget-container\">\n\t\t\t\t\t\t\t\t\t<p>We are a family-run agro-industrial company specializing in high-quality soybean oil extraction, blending field experience with industrial innovation to deliver reliable products that meet the highest market standards.<\/p>\t\t\t\t\t\t\t\t<\/div>\n\t\t\t\t<\/div>\n\t\t\t\t<\/div>\n\t\t<div class=\"elementor-element elementor-element-78f6ccb e-con-full e-flex e-con e-child\" data-id=\"78f6ccb\" data-element_type=\"container\">\n\t\t\t\t<div class=\"elementor-element elementor-element-6368d69 elementor-view-default elementor-widget elementor-widget-icon\" data-id=\"6368d69\" data-element_type=\"widget\" data-widget_type=\"icon.default\">\n\t\t\t\t<div class=\"elementor-widget-container\">\n\t\t\t\t\t\t\t<div class=\"elementor-icon-wrapper\">\n\t\t\t<div class=\"elementor-icon\">\n\t\t\t<i aria-hidden=\"true\" class=\"icon icon-light-bulb-1\"><\/i>\t\t\t<\/div>\n\t\t<\/div>\n\t\t\t\t\t\t<\/div>\n\t\t\t\t<\/div>\n\t\t\t\t<\/div>\n\t\t\t\t<\/div>\n\t\t<div class=\"elementor-element elementor-element-cfa507e e-con-full animated-slow e-flex elementor-invisible e-con e-child\" data-id=\"cfa507e\" data-element_type=\"container\" data-settings=\"{&quot;background_background&quot;:&quot;classic&quot;,&quot;animation&quot;:&quot;slideInRight&quot;}\">\n\t\t<div class=\"elementor-element elementor-element-81be306 e-con-full e-flex e-con e-child\" data-id=\"81be306\" data-element_type=\"container\">\n\t\t\t\t<div class=\"elementor-element elementor-element-b7d7940 elementor-view-default elementor-widget elementor-widget-icon\" data-id=\"b7d7940\" data-element_type=\"widget\" data-widget_type=\"icon.default\">\n\t\t\t\t<div class=\"elementor-widget-container\">\n\t\t\t\t\t\t\t<div class=\"elementor-icon-wrapper\">\n\t\t\t<div class=\"elementor-icon\">\n\t\t\t<i aria-hidden=\"true\" class=\"icon icon-team1\"><\/i>\t\t\t<\/div>\n\t\t<\/div>\n\t\t\t\t\t\t<\/div>\n\t\t\t\t<\/div>\n\t\t\t\t<\/div>\n\t\t<div class=\"elementor-element elementor-element-6f3f324 e-con-full e-flex e-con e-child\" data-id=\"6f3f324\" data-element_type=\"container\">\n\t\t\t\t<div class=\"elementor-element elementor-element-ceaf4c4 elementor-widget elementor-widget-text-editor\" data-id=\"ceaf4c4\" data-element_type=\"widget\" data-widget_type=\"text-editor.default\">\n\t\t\t\t<div class=\"elementor-widget-container\">\n\t\t\t\t\t\t\t\t\t<p>Our Team<\/p>\t\t\t\t\t\t\t\t<\/div>\n\t\t\t\t<\/div>\n\t\t\t\t<div class=\"elementor-element elementor-element-c2c9e2c elementor-widget elementor-widget-text-editor\" data-id=\"c2c9e2c\" data-element_type=\"widget\" data-widget_type=\"text-editor.default\">\n\t\t\t\t<div class=\"elementor-widget-container\">\n\t\t\t\t\t\t\t\t\t<p>Our team is composed of highly trained professionals\u2014mainly engineers\u2014whose knowledge and dedication ensure the efficient development of our operations. Each member brings unique skills that drive our company forward toward a more innovative and sustainable future.<\/p>\t\t\t\t\t\t\t\t<\/div>\n\t\t\t\t<\/div>\n\t\t\t\t<\/div>\n\t\t\t\t<\/div>\n\t\t<div class=\"elementor-element elementor-element-4663c09 e-con-full animated-slow e-flex elementor-invisible e-con e-child\" data-id=\"4663c09\" data-element_type=\"container\" data-settings=\"{&quot;background_background&quot;:&quot;classic&quot;,&quot;animation&quot;:&quot;slideInRight&quot;}\">\n\t\t<div class=\"elementor-element elementor-element-53d879a e-con-full e-flex e-con e-child\" data-id=\"53d879a\" data-element_type=\"container\">\n\t\t\t\t<div class=\"elementor-element elementor-element-da6eb19 elementor-widget elementor-widget-text-editor\" data-id=\"da6eb19\" data-element_type=\"widget\" data-widget_type=\"text-editor.default\">\n\t\t\t\t<div class=\"elementor-widget-container\">\n\t\t\t\t\t\t\t\t\t<p>Quality Control<\/p>\t\t\t\t\t\t\t\t<\/div>\n\t\t\t\t<\/div>\n\t\t\t\t<div class=\"elementor-element elementor-element-8634361 elementor-widget elementor-widget-text-editor\" data-id=\"8634361\" data-element_type=\"widget\" data-widget_type=\"text-editor.default\">\n\t\t\t\t<div class=\"elementor-widget-container\">\n\t\t\t\t\t\t\t\t\t<p>Every stage of our process\u2014from inputs to final products\u2014undergoes rigorous analysis in our lab, where advanced instrumentation and precision ensure top quality.<\/p>\t\t\t\t\t\t\t\t<\/div>\n\t\t\t\t<\/div>\n\t\t\t\t<\/div>\n\t\t<div class=\"elementor-element elementor-element-22b834f e-con-full e-flex e-con e-child\" data-id=\"22b834f\" data-element_type=\"container\">\n\t\t\t\t<div class=\"elementor-element elementor-element-12e8bfa elementor-view-default elementor-widget elementor-widget-icon\" data-id=\"12e8bfa\" data-element_type=\"widget\" data-widget_type=\"icon.default\">\n\t\t\t\t<div class=\"elementor-widget-container\">\n\t\t\t\t\t\t\t<div class=\"elementor-icon-wrapper\">\n\t\t\t<div class=\"elementor-icon\">\n\t\t\t<i aria-hidden=\"true\" class=\"icon icon-agenda\"><\/i>\t\t\t<\/div>\n\t\t<\/div>\n\t\t\t\t\t\t<\/div>\n\t\t\t\t<\/div>\n\t\t\t\t<\/div>\n\t\t\t\t<\/div>\n\t\t<div class=\"elementor-element elementor-element-eca31a9 e-con-full animated-slow e-flex elementor-invisible e-con e-child\" data-id=\"eca31a9\" data-element_type=\"container\" data-settings=\"{&quot;background_background&quot;:&quot;classic&quot;,&quot;animation&quot;:&quot;slideInRight&quot;}\">\n\t\t<div class=\"elementor-element elementor-element-0eb86b8 e-con-full e-flex e-con e-child\" data-id=\"0eb86b8\" data-element_type=\"container\">\n\t\t\t\t<div class=\"elementor-element elementor-element-4d771f2 elementor-view-default elementor-widget elementor-widget-icon\" data-id=\"4d771f2\" data-element_type=\"widget\" data-widget_type=\"icon.default\">\n\t\t\t\t<div class=\"elementor-widget-container\">\n\t\t\t\t\t\t\t<div class=\"elementor-icon-wrapper\">\n\t\t\t<div class=\"elementor-icon\">\n\t\t\t<i aria-hidden=\"true\" class=\"icon icon-energy-saving\"><\/i>\t\t\t<\/div>\n\t\t<\/div>\n\t\t\t\t\t\t<\/div>\n\t\t\t\t<\/div>\n\t\t\t\t<\/div>\n\t\t<div class=\"elementor-element elementor-element-c068224 e-con-full e-flex e-con e-child\" data-id=\"c068224\" data-element_type=\"container\">\n\t\t\t\t<div class=\"elementor-element elementor-element-51208d3 elementor-widget elementor-widget-text-editor\" data-id=\"51208d3\" data-element_type=\"widget\" data-widget_type=\"text-editor.default\">\n\t\t\t\t<div class=\"elementor-widget-container\">\n\t\t\t\t\t\t\t\t\t<p>Energy Efficiency<\/p>\t\t\t\t\t\t\t\t<\/div>\n\t\t\t\t<\/div>\n\t\t\t\t<div class=\"elementor-element elementor-element-3c7e455 elementor-widget elementor-widget-text-editor\" data-id=\"3c7e455\" data-element_type=\"widget\" data-widget_type=\"text-editor.default\">\n\t\t\t\t<div class=\"elementor-widget-container\">\n\t\t\t\t\t\t\t\t\t<p>Steam generated in the final stage of oil refining powers the rest of the production line. Boilers are only used for the initial start-up after cleaning or conditioning, significantly reducing energy consumption.<\/p>\t\t\t\t\t\t\t\t<\/div>\n\t\t\t\t<\/div>\n\t\t\t\t<\/div>\n\t\t\t\t<\/div>\n\t\t<div class=\"elementor-element elementor-element-0685295 e-con-full animated-slow e-flex elementor-invisible e-con e-child\" data-id=\"0685295\" data-element_type=\"container\" data-settings=\"{&quot;background_background&quot;:&quot;classic&quot;,&quot;animation&quot;:&quot;slideInRight&quot;}\">\n\t\t<div class=\"elementor-element elementor-element-4dd27af e-con-full e-flex e-con e-child\" data-id=\"4dd27af\" data-element_type=\"container\">\n\t\t\t\t<div class=\"elementor-element elementor-element-43a4a88 elementor-view-default elementor-widget elementor-widget-icon\" data-id=\"43a4a88\" data-element_type=\"widget\" data-widget_type=\"icon.default\">\n\t\t\t\t<div class=\"elementor-widget-container\">\n\t\t\t\t\t\t\t<div class=\"elementor-icon-wrapper\">\n\t\t\t<div class=\"elementor-icon\">\n\t\t\t<i aria-hidden=\"true\" class=\"icon icon-save-money\"><\/i>\t\t\t<\/div>\n\t\t<\/div>\n\t\t\t\t\t\t<\/div>\n\t\t\t\t<\/div>\n\t\t\t\t<\/div>\n\t\t<div class=\"elementor-element elementor-element-428c8a1 e-con-full e-flex e-con e-child\" data-id=\"428c8a1\" data-element_type=\"container\">\n\t\t\t\t<div class=\"elementor-element elementor-element-79baeae elementor-widget elementor-widget-text-editor\" data-id=\"79baeae\" data-element_type=\"widget\" data-widget_type=\"text-editor.default\">\n\t\t\t\t<div class=\"elementor-widget-container\">\n\t\t\t\t\t\t\t\t\tFewer Resources\t\t\t\t\t\t\t\t<\/div>\n\t\t\t\t<\/div>\n\t\t\t\t<div class=\"elementor-element elementor-element-5bfa2de elementor-widget elementor-widget-text-editor\" data-id=\"5bfa2de\" data-element_type=\"widget\" data-widget_type=\"text-editor.default\">\n\t\t\t\t<div class=\"elementor-widget-container\">\n\t\t\t\t\t\t\t\t\t<div>This system helps us reduce our environmental impact and ecological footprint, contributing to ecosystem conservation.<\/div>\t\t\t\t\t\t\t\t<\/div>\n\t\t\t\t<\/div>\n\t\t\t\t<\/div>\n\t\t\t\t<\/div>\n\t\t\t\t<\/div>\n\t\t\t\t<\/div>\n\t\t\t\t<\/div>\n\t\t\t\t<\/div>\n\t\t\t\t<\/div>","protected":false},"excerpt":{"rendered":"<p>Nosotros Home Nosotros Aceitera Colibr\u00ed Innovaci\u00f3n Somos una empresa familiar agroindustrial dedicada a la extracci\u00f3n de aceite de soja de alta calidad, combinando experiencia en el campo con innovaci\u00f3n industrial para ofrecer productos confiables que cumplen con los m\u00e1s altos est\u00e1ndares del mercado. Nuestro Equipo Nuestro equipo de trabajo est\u00e1 conformado por profesionales especializados, principalmente [&hellip;]<\/p>","protected":false},"author":1,"featured_media":0,"parent":0,"menu_order":0,"comment_status":"closed","ping_status":"closed","template":"elementor_header_footer","meta":{"ocean_post_layout":"full-screen","ocean_both_sidebars_style":"","ocean_both_sidebars_content_width":0,"ocean_both_sidebars_sidebars_width":0,"ocean_sidebar":"0","ocean_second_sidebar":"0","ocean_disable_margins":"on","ocean_add_body_class":"","ocean_shortcode_before_top_bar":"","ocean_shortcode_after_top_bar":"","ocean_shortcode_before_header":"","ocean_shortcode_after_header":"","ocean_has_shortcode":"","ocean_shortcode_after_title":"","ocean_shortcode_before_footer_widgets":"","ocean_shortcode_after_footer_widgets":"","ocean_shortcode_before_footer_bottom":"","ocean_shortcode_after_footer_bottom":"","ocean_display_top_bar":"default","ocean_display_header":"default","ocean_header_style":"","ocean_center_header_left_menu":"0","ocean_custom_header_template":"0","ocean_custom_logo":0,"ocean_custom_retina_logo":0,"ocean_custom_logo_max_width":0,"ocean_custom_logo_tablet_max_width":0,"ocean_custom_logo_mobile_max_width":0,"ocean_custom_logo_max_height":0,"ocean_custom_logo_tablet_max_height":0,"ocean_custom_logo_mobile_max_height":0,"ocean_header_custom_menu":"0","ocean_menu_typo_font_family":"0","ocean_menu_typo_font_subset":"","ocean_menu_typo_font_size":0,"ocean_menu_typo_font_size_tablet":0,"ocean_menu_typo_font_size_mobile":0,"ocean_menu_typo_font_size_unit":"px","ocean_menu_typo_font_weight":"","ocean_menu_typo_font_weight_tablet":"","ocean_menu_typo_font_weight_mobile":"","ocean_menu_typo_transform":"","ocean_menu_typo_transform_tablet":"","ocean_menu_typo_transform_mobile":"","ocean_menu_typo_line_height":0,"ocean_menu_typo_line_height_tablet":0,"ocean_menu_typo_line_height_mobile":0,"ocean_menu_typo_line_height_unit":"","ocean_menu_typo_spacing":0,"ocean_menu_typo_spacing_tablet":0,"ocean_menu_typo_spacing_mobile":0,"ocean_menu_typo_spacing_unit":"","ocean_menu_link_color":"","ocean_menu_link_color_hover":"","ocean_menu_link_color_active":"","ocean_menu_link_background":"","ocean_menu_link_hover_background":"","ocean_menu_link_active_background":"","ocean_menu_social_links_bg":"","ocean_menu_social_hover_links_bg":"","ocean_menu_social_links_color":"","ocean_menu_social_hover_links_color":"","ocean_disable_title":"on","ocean_disable_heading":"default","ocean_post_title":"","ocean_post_subheading":"","ocean_post_title_style":"","ocean_post_title_background_color":"","ocean_post_title_background":0,"ocean_post_title_bg_image_position":"","ocean_post_title_bg_image_attachment":"","ocean_post_title_bg_image_repeat":"","ocean_post_title_bg_image_size":"","ocean_post_title_height":0,"ocean_post_title_bg_overlay":0.5,"ocean_post_title_bg_overlay_color":"","ocean_disable_breadcrumbs":"off","ocean_breadcrumbs_color":"","ocean_breadcrumbs_separator_color":"","ocean_breadcrumbs_links_color":"","ocean_breadcrumbs_links_hover_color":"","ocean_display_footer_widgets":"default","ocean_display_footer_bottom":"default","ocean_custom_footer_template":"0","footnotes":""},"class_list":["post-402","page","type-page","status-publish","hentry","entry"],"_links":{"self":[{"href":"https:\/\/aceiteracolibri.com.ar\/en\/wp-json\/wp\/v2\/pages\/402","targetHints":{"allow":["GET"]}}],"collection":[{"href":"https:\/\/aceiteracolibri.com.ar\/en\/wp-json\/wp\/v2\/pages"}],"about":[{"href":"https:\/\/aceiteracolibri.com.ar\/en\/wp-json\/wp\/v2\/types\/page"}],"author":[{"embeddable":true,"href":"https:\/\/aceiteracolibri.com.ar\/en\/wp-json\/wp\/v2\/users\/1"}],"replies":[{"embeddable":true,"href":"https:\/\/aceiteracolibri.com.ar\/en\/wp-json\/wp\/v2\/comments?post=402"}],"version-history":[{"count":45,"href":"https:\/\/aceiteracolibri.com.ar\/en\/wp-json\/wp\/v2\/pages\/402\/revisions"}],"predecessor-version":[{"id":1253,"href":"https:\/\/aceiteracolibri.com.ar\/en\/wp-json\/wp\/v2\/pages\/402\/revisions\/1253"}],"wp:attachment":[{"href":"https:\/\/aceiteracolibri.com.ar\/en\/wp-json\/wp\/v2\/media?parent=402"}],"curies":[{"name":"wp","href":"https:\/\/api.w.org\/{rel}","templated":true}]}}