{"id":718,"date":"2024-10-08T08:15:45","date_gmt":"2024-10-08T11:15:45","guid":{"rendered":"https:\/\/aceiteracolibri.com.ar\/?page_id=718"},"modified":"2024-12-13T10:25:37","modified_gmt":"2024-12-13T13:25:37","slug":"compromiso-con-la-comunidad","status":"publish","type":"page","link":"https:\/\/aceiteracolibri.com.ar\/en\/compromiso-con-la-comunidad\/","title":{"rendered":"commitment to the community"},"content":{"rendered":"<div data-elementor-type=\"wp-page\" data-elementor-id=\"718\" class=\"elementor elementor-718\" data-elementor-post-type=\"page\">\n\t\t\t\t<div class=\"elementor-element elementor-element-bdce197 e-con-full e-flex e-con e-parent\" data-id=\"bdce197\" data-element_type=\"container\" data-settings=\"{&quot;background_background&quot;:&quot;gradient&quot;}\">\n\t\t<div class=\"elementor-element elementor-element-557908a e-con-full e-flex e-con e-child\" data-id=\"557908a\" data-element_type=\"container\">\n\t\t<div class=\"elementor-element elementor-element-02bac7d e-con-full e-flex e-con e-child\" data-id=\"02bac7d\" data-element_type=\"container\">\n\t\t<div class=\"elementor-element elementor-element-cc34ad3 e-con-full e-flex e-con e-child\" data-id=\"cc34ad3\" data-element_type=\"container\">\n\t\t<div class=\"elementor-element elementor-element-db80162 e-con-full e-flex e-con e-child\" data-id=\"db80162\" data-element_type=\"container\" data-settings=\"{&quot;background_background&quot;:&quot;classic&quot;}\">\n\t\t\t\t<div class=\"elementor-element elementor-element-08e7e12 elementor-widget elementor-widget-text-editor\" data-id=\"08e7e12\" data-element_type=\"widget\" data-widget_type=\"text-editor.default\">\n\t\t\t\t<div class=\"elementor-widget-container\">\n\t\t\t\t\t\t\t\t\t<p>Colibr\u00ed is rooted not only in the land we cultivate, but also in the community that surrounds us.\nFor decades, we\u2019ve understood that true growth isn\u2019t measured solely in tons or hectares, but in the ability to inspire, educate, and collaborate with those who will shape the future.<\/p><p>That\u2019s why we continuously open our doors to students of all levels\u2014from young children in early education to university students\u2014who visit our facilities to experience firsthand the heart of the countryside and the soybean oil industry. Each visit is an opportunity to share our knowledge, spark new vocations, and show that behind every grain and every process, there is a story of effort, innovation, and love for the land.<\/p><p>Our commitment to education goes beyond being mere observers; we strive to be an active bridge between the academic world and the reality of the productive sector. We work hand in hand with development teams from various universities, connecting the talent and fresh perspectives of new ideas with our experience in the field. It is through this interaction that the best initiatives arise\u2014those that improve our production processes, promote more efficient use of resources, and ultimately move us toward a more sustainable future.<\/p><p>These partnerships allow us not only to continually improve but also to contribute to the development of tomorrow\u2019s leaders. We firmly believe that education and collaboration are the engines of progress\u2014that by sharing what we know and learning from others, we create a virtuous circle that benefits the entire community.<\/p><p>We are convinced that our commitment to the community is, in fact, a commitment to our own future. Because in every child who visits us and in every young person who works alongside us, we see a reflection of what we can achieve together: to be more productive, more innovative, and more sustainable.<\/p>\t\t\t\t\t\t\t\t<\/div>\n\t\t\t\t<\/div>\n\t\t\t\t<\/div>\n\t\t<div class=\"elementor-element elementor-element-1a640fd e-con-full e-flex e-con e-child\" data-id=\"1a640fd\" data-element_type=\"container\">\n\t\t\t\t<div class=\"elementor-element elementor-element-e90779e elementor-absolute elementor-hidden-tablet elementor-hidden-mobile elementor-widget elementor-widget-image\" data-id=\"e90779e\" data-element_type=\"widget\" data-settings=\"{&quot;_position&quot;:&quot;absolute&quot;}\" data-widget_type=\"image.default\">\n\t\t\t\t<div class=\"elementor-widget-container\">\n\t\t\t\t\t\t\t\t\t\t\t\t\t\t\t<img fetchpriority=\"high\" decoding=\"async\" width=\"1024\" height=\"683\" src=\"https:\/\/aceiteracolibri.com.ar\/wp-content\/uploads\/2024\/10\/iStock-130404791-1024x683.jpg\" class=\"attachment-large size-large wp-image-839\" alt=\"\" srcset=\"https:\/\/aceiteracolibri.com.ar\/wp-content\/uploads\/2024\/10\/iStock-130404791-1024x683.jpg 1024w, https:\/\/aceiteracolibri.com.ar\/wp-content\/uploads\/2024\/10\/iStock-130404791-300x200.jpg 300w, https:\/\/aceiteracolibri.com.ar\/wp-content\/uploads\/2024\/10\/iStock-130404791-768x512.jpg 768w, https:\/\/aceiteracolibri.com.ar\/wp-content\/uploads\/2024\/10\/iStock-130404791-1536x1024.jpg 1536w, https:\/\/aceiteracolibri.com.ar\/wp-content\/uploads\/2024\/10\/iStock-130404791-2048x1365.jpg 2048w\" sizes=\"(max-width: 1024px) 100vw, 1024px\" \/>\t\t\t\t\t\t\t\t\t\t\t\t\t\t\t<\/div>\n\t\t\t\t<\/div>\n\t\t\t\t<div class=\"elementor-element elementor-element-51893ac elementor-widget elementor-widget-image\" data-id=\"51893ac\" data-element_type=\"widget\" data-widget_type=\"image.default\">\n\t\t\t\t<div class=\"elementor-widget-container\">\n\t\t\t\t\t\t\t\t\t\t\t\t\t\t\t<img decoding=\"async\" width=\"1024\" height=\"683\" src=\"https:\/\/aceiteracolibri.com.ar\/wp-content\/uploads\/2024\/10\/iStock-469711926-1024x683.jpg\" class=\"attachment-large size-large wp-image-837\" alt=\"\" srcset=\"https:\/\/aceiteracolibri.com.ar\/wp-content\/uploads\/2024\/10\/iStock-469711926-1024x683.jpg 1024w, https:\/\/aceiteracolibri.com.ar\/wp-content\/uploads\/2024\/10\/iStock-469711926-300x200.jpg 300w, https:\/\/aceiteracolibri.com.ar\/wp-content\/uploads\/2024\/10\/iStock-469711926-768x512.jpg 768w, https:\/\/aceiteracolibri.com.ar\/wp-content\/uploads\/2024\/10\/iStock-469711926-1536x1024.jpg 1536w, https:\/\/aceiteracolibri.com.ar\/wp-content\/uploads\/2024\/10\/iStock-469711926-2048x1365.jpg 2048w\" sizes=\"(max-width: 1024px) 100vw, 1024px\" \/>\t\t\t\t\t\t\t\t\t\t\t\t\t\t\t<\/div>\n\t\t\t\t<\/div>\n\t\t\t\t<\/div>\n\t\t\t\t<\/div>\n\t\t\t\t<\/div>\n\t\t\t\t<\/div>\n\t\t\t\t<\/div>\n\t\t\t\t<\/div>","protected":false},"excerpt":{"rendered":"<p>Colibr\u00ed no solo est\u00e1 arraigada en la tierra que cultivamos, sino tambi\u00e9n en la comunidad que nos rodea. Desde hace d\u00e9cadas, hemos entendido que el verdadero crecimiento no se mide solo en toneladas o hect\u00e1reas, sino en la capacidad de inspirar, educar y colaborar con quienes ser\u00e1n los protagonistas del futuro. Por eso, continuamente abrimos [&hellip;]<\/p>","protected":false},"author":1,"featured_media":0,"parent":0,"menu_order":0,"comment_status":"closed","ping_status":"closed","template":"","meta":{"ocean_post_layout":"full-screen","ocean_both_sidebars_style":"","ocean_both_sidebars_content_width":0,"ocean_both_sidebars_sidebars_width":0,"ocean_sidebar":"0","ocean_second_sidebar":"0","ocean_disable_margins":"on","ocean_add_body_class":"","ocean_shortcode_before_top_bar":"","ocean_shortcode_after_top_bar":"","ocean_shortcode_before_header":"","ocean_shortcode_after_header":"","ocean_has_shortcode":"","ocean_shortcode_after_title":"","ocean_shortcode_before_footer_widgets":"","ocean_shortcode_after_footer_widgets":"","ocean_shortcode_before_footer_bottom":"","ocean_shortcode_after_footer_bottom":"","ocean_display_top_bar":"default","ocean_display_header":"default","ocean_header_style":"","ocean_center_header_left_menu":"0","ocean_custom_header_template":"0","ocean_custom_logo":0,"ocean_custom_retina_logo":0,"ocean_custom_logo_max_width":0,"ocean_custom_logo_tablet_max_width":0,"ocean_custom_logo_mobile_max_width":0,"ocean_custom_logo_max_height":0,"ocean_custom_logo_tablet_max_height":0,"ocean_custom_logo_mobile_max_height":0,"ocean_header_custom_menu":"0","ocean_menu_typo_font_family":"0","ocean_menu_typo_font_subset":"","ocean_menu_typo_font_size":0,"ocean_menu_typo_font_size_tablet":0,"ocean_menu_typo_font_size_mobile":0,"ocean_menu_typo_font_size_unit":"px","ocean_menu_typo_font_weight":"","ocean_menu_typo_font_weight_tablet":"","ocean_menu_typo_font_weight_mobile":"","ocean_menu_typo_transform":"","ocean_menu_typo_transform_tablet":"","ocean_menu_typo_transform_mobile":"","ocean_menu_typo_line_height":0,"ocean_menu_typo_line_height_tablet":0,"ocean_menu_typo_line_height_mobile":0,"ocean_menu_typo_line_height_unit":"","ocean_menu_typo_spacing":0,"ocean_menu_typo_spacing_tablet":0,"ocean_menu_typo_spacing_mobile":0,"ocean_menu_typo_spacing_unit":"","ocean_menu_link_color":"","ocean_menu_link_color_hover":"","ocean_menu_link_color_active":"","ocean_menu_link_background":"","ocean_menu_link_hover_background":"","ocean_menu_link_active_background":"","ocean_menu_social_links_bg":"","ocean_menu_social_hover_links_bg":"","ocean_menu_social_links_color":"","ocean_menu_social_hover_links_color":"","ocean_disable_title":"on","ocean_disable_heading":"default","ocean_post_title":"","ocean_post_subheading":"","ocean_post_title_style":"","ocean_post_title_background_color":"","ocean_post_title_background":0,"ocean_post_title_bg_image_position":"","ocean_post_title_bg_image_attachment":"","ocean_post_title_bg_image_repeat":"","ocean_post_title_bg_image_size":"","ocean_post_title_height":0,"ocean_post_title_bg_overlay":0.5,"ocean_post_title_bg_overlay_color":"","ocean_disable_breadcrumbs":"off","ocean_breadcrumbs_color":"","ocean_breadcrumbs_separator_color":"","ocean_breadcrumbs_links_color":"","ocean_breadcrumbs_links_hover_color":"","ocean_display_footer_widgets":"default","ocean_display_footer_bottom":"default","ocean_custom_footer_template":"0","footnotes":""},"class_list":["post-718","page","type-page","status-publish","hentry","entry"],"_links":{"self":[{"href":"https:\/\/aceiteracolibri.com.ar\/en\/wp-json\/wp\/v2\/pages\/718","targetHints":{"allow":["GET"]}}],"collection":[{"href":"https:\/\/aceiteracolibri.com.ar\/en\/wp-json\/wp\/v2\/pages"}],"about":[{"href":"https:\/\/aceiteracolibri.com.ar\/en\/wp-json\/wp\/v2\/types\/page"}],"author":[{"embeddable":true,"href":"https:\/\/aceiteracolibri.com.ar\/en\/wp-json\/wp\/v2\/users\/1"}],"replies":[{"embeddable":true,"href":"https:\/\/aceiteracolibri.com.ar\/en\/wp-json\/wp\/v2\/comments?post=718"}],"version-history":[{"count":3,"href":"https:\/\/aceiteracolibri.com.ar\/en\/wp-json\/wp\/v2\/pages\/718\/revisions"}],"predecessor-version":[{"id":918,"href":"https:\/\/aceiteracolibri.com.ar\/en\/wp-json\/wp\/v2\/pages\/718\/revisions\/918"}],"wp:attachment":[{"href":"https:\/\/aceiteracolibri.com.ar\/en\/wp-json\/wp\/v2\/media?parent=718"}],"curies":[{"name":"wp","href":"https:\/\/api.w.org\/{rel}","templated":true}]}}